{"id":6769,"date":"2021-05-05T19:15:27","date_gmt":"2021-05-05T22:15:27","guid":{"rendered":"http:\/\/promoalge.com.br\/?post_type=product&#038;p=6769"},"modified":"2021-05-05T19:15:27","modified_gmt":"2021-05-05T22:15:27","slug":"squeeze-600-ml-pr94062","status":"publish","type":"product","link":"https:\/\/promoalge.com.br\/?product=squeeze-600-ml-pr94062","title":{"rendered":"Squeeze 600 ml &#8211; PR94062"},"content":{"rendered":"","protected":false},"excerpt":{"rendered":"<p>Squeeze em alum\u00ednio com tampa em PP, capacidade 600 ml, medidas \u00d875 x 158 mm. Grava\u00e7\u00e3o a laser.<\/p>\n<ul>\n<li>M\u00ednimo 30 unidades.<\/li>\n<\/ul>\n","protected":false},"featured_media":6774,"template":"","meta":[],"product_brand":[],"product_cat":[237],"product_tag":[],"class_list":{"0":"post-6769","1":"product","2":"type-product","3":"status-publish","4":"has-post-thumbnail","6":"product_cat-metalicas","8":"first","9":"instock","10":"shipping-taxable","11":"product-type-simple"},"_links":{"self":[{"href":"https:\/\/promoalge.com.br\/index.php?rest_route=\/wp\/v2\/product\/6769","targetHints":{"allow":["GET"]}}],"collection":[{"href":"https:\/\/promoalge.com.br\/index.php?rest_route=\/wp\/v2\/product"}],"about":[{"href":"https:\/\/promoalge.com.br\/index.php?rest_route=\/wp\/v2\/types\/product"}],"wp:featuredmedia":[{"embeddable":true,"href":"https:\/\/promoalge.com.br\/index.php?rest_route=\/wp\/v2\/media\/6774"}],"wp:attachment":[{"href":"https:\/\/promoalge.com.br\/index.php?rest_route=%2Fwp%2Fv2%2Fmedia&parent=6769"}],"wp:term":[{"taxonomy":"product_brand","embeddable":true,"href":"https:\/\/promoalge.com.br\/index.php?rest_route=%2Fwp%2Fv2%2Fproduct_brand&post=6769"},{"taxonomy":"product_cat","embeddable":true,"href":"https:\/\/promoalge.com.br\/index.php?rest_route=%2Fwp%2Fv2%2Fproduct_cat&post=6769"},{"taxonomy":"product_tag","embeddable":true,"href":"https:\/\/promoalge.com.br\/index.php?rest_route=%2Fwp%2Fv2%2Fproduct_tag&post=6769"}],"curies":[{"name":"wp","href":"https:\/\/api.w.org\/{rel}","templated":true}]}}