{"id":6788,"date":"2021-05-10T17:44:53","date_gmt":"2021-05-10T20:44:53","guid":{"rendered":"http:\/\/promoalge.com.br\/?post_type=product&#038;p=6788"},"modified":"2021-05-10T17:44:54","modified_gmt":"2021-05-10T20:44:54","slug":"mascara-de-microfibra-pr11772","status":"publish","type":"product","link":"https:\/\/promoalge.com.br\/?product=mascara-de-microfibra-pr11772","title":{"rendered":"Mascara de Microfibra &#8211; PR11772"},"content":{"rendered":"","protected":false},"excerpt":{"rendered":"<p>M\u00e1scara anat\u00f4mica reutiliz\u00e1vel, produzida em duas camadas de microfibra sint\u00e9tica e uma camada filtrante, acompanha el\u00e1stico l\u00e1tex ajust\u00e1vel de 95 cm de comprimento. M\u00e1scara enquadrada na Classe I, isenta de CBPF conforme disposto na RDC Art. 24, produto em conformidade com INMETRO 102. Grava\u00e7\u00e3o serigrafia em 1 cor.<\/p>\n<p>Medidas:<br \/>\nAltura : 13 cm<br \/>\nLargura : 12 cm<br \/>\nProfundidade : 5 cm<\/p>\n<p>Grava\u00e7\u00e3o serigrafia em 1 cor.<\/p>\n<ul>\n<li>M\u00ednimo 100 unidades.<\/li>\n<\/ul>\n","protected":false},"featured_media":6792,"template":"","meta":[],"product_brand":[],"product_cat":[353],"product_tag":[],"class_list":{"0":"post-6788","1":"product","2":"type-product","3":"status-publish","4":"has-post-thumbnail","6":"product_cat-diversos","8":"first","9":"instock","10":"shipping-taxable","11":"product-type-simple"},"_links":{"self":[{"href":"https:\/\/promoalge.com.br\/index.php?rest_route=\/wp\/v2\/product\/6788","targetHints":{"allow":["GET"]}}],"collection":[{"href":"https:\/\/promoalge.com.br\/index.php?rest_route=\/wp\/v2\/product"}],"about":[{"href":"https:\/\/promoalge.com.br\/index.php?rest_route=\/wp\/v2\/types\/product"}],"wp:featuredmedia":[{"embeddable":true,"href":"https:\/\/promoalge.com.br\/index.php?rest_route=\/wp\/v2\/media\/6792"}],"wp:attachment":[{"href":"https:\/\/promoalge.com.br\/index.php?rest_route=%2Fwp%2Fv2%2Fmedia&parent=6788"}],"wp:term":[{"taxonomy":"product_brand","embeddable":true,"href":"https:\/\/promoalge.com.br\/index.php?rest_route=%2Fwp%2Fv2%2Fproduct_brand&post=6788"},{"taxonomy":"product_cat","embeddable":true,"href":"https:\/\/promoalge.com.br\/index.php?rest_route=%2Fwp%2Fv2%2Fproduct_cat&post=6788"},{"taxonomy":"product_tag","embeddable":true,"href":"https:\/\/promoalge.com.br\/index.php?rest_route=%2Fwp%2Fv2%2Fproduct_tag&post=6788"}],"curies":[{"name":"wp","href":"https:\/\/api.w.org\/{rel}","templated":true}]}}