{"id":6832,"date":"2021-05-11T15:53:20","date_gmt":"2021-05-11T18:53:20","guid":{"rendered":"http:\/\/promoalge.com.br\/?post_type=product&#038;p=6832"},"modified":"2021-05-11T15:53:20","modified_gmt":"2021-05-11T18:53:20","slug":"porta-oculos-pr4011","status":"publish","type":"product","link":"https:\/\/promoalge.com.br\/?product=porta-oculos-pr4011","title":{"rendered":"Porta \u00d3culos &#8211; PR4011"},"content":{"rendered":"","protected":false},"excerpt":{"rendered":"<p>Porta \u00f3culos de pl\u00e1stico, medidas: 2,8 cm x 7,2 cm. Grava\u00e7\u00e3o serigrafia em 1 cor.<\/p>\n<ul>\n<li>M\u00ednimo 100 pe\u00e7as.<\/li>\n<\/ul>\n","protected":false},"featured_media":6833,"template":"","meta":[],"product_brand":[],"product_cat":[353],"product_tag":[],"class_list":{"0":"post-6832","1":"product","2":"type-product","3":"status-publish","4":"has-post-thumbnail","6":"product_cat-diversos","8":"first","9":"instock","10":"shipping-taxable","11":"product-type-simple"},"_links":{"self":[{"href":"https:\/\/promoalge.com.br\/index.php?rest_route=\/wp\/v2\/product\/6832","targetHints":{"allow":["GET"]}}],"collection":[{"href":"https:\/\/promoalge.com.br\/index.php?rest_route=\/wp\/v2\/product"}],"about":[{"href":"https:\/\/promoalge.com.br\/index.php?rest_route=\/wp\/v2\/types\/product"}],"wp:featuredmedia":[{"embeddable":true,"href":"https:\/\/promoalge.com.br\/index.php?rest_route=\/wp\/v2\/media\/6833"}],"wp:attachment":[{"href":"https:\/\/promoalge.com.br\/index.php?rest_route=%2Fwp%2Fv2%2Fmedia&parent=6832"}],"wp:term":[{"taxonomy":"product_brand","embeddable":true,"href":"https:\/\/promoalge.com.br\/index.php?rest_route=%2Fwp%2Fv2%2Fproduct_brand&post=6832"},{"taxonomy":"product_cat","embeddable":true,"href":"https:\/\/promoalge.com.br\/index.php?rest_route=%2Fwp%2Fv2%2Fproduct_cat&post=6832"},{"taxonomy":"product_tag","embeddable":true,"href":"https:\/\/promoalge.com.br\/index.php?rest_route=%2Fwp%2Fv2%2Fproduct_tag&post=6832"}],"curies":[{"name":"wp","href":"https:\/\/api.w.org\/{rel}","templated":true}]}}