{"id":6848,"date":"2021-05-11T16:52:34","date_gmt":"2021-05-11T19:52:34","guid":{"rendered":"http:\/\/promoalge.com.br\/?post_type=product&#038;p=6848"},"modified":"2021-05-11T16:52:35","modified_gmt":"2021-05-11T19:52:35","slug":"suporte-retratil-para-celular-e-tablet-pr3040","status":"publish","type":"product","link":"https:\/\/promoalge.com.br\/?product=suporte-retratil-para-celular-e-tablet-pr3040","title":{"rendered":"Suporte Retr\u00e1til para Celular e Tablet &#8211; PR3040"},"content":{"rendered":"","protected":false},"excerpt":{"rendered":"<p>Suporte retr\u00e1til para celulares e tablets. Produzido em pl\u00e1stico com haste de alum\u00ednio, o suporte possui \u00e2ngulo ajust\u00e1vel e extens\u00e3o de altura. Seu tapete de silicone antiderrapante garante a estabilidade do eletr\u00f4nico sem machucar sua traseira. As \u201ccanaletas\u201d tamb\u00e9m revestidas de silicone encaixam perfeitamente ao eletr\u00f4nico sem bloquear a visualiza\u00e7\u00e3o da tela, al\u00e9m do espa\u00e7amento ideal que permite o carregamento do celular\/tablet no suporte sem bloquear a vis\u00e3o ou atrapalhar sua estadia. Com base de silicone antiderrapante, o suporte permanece fixo e est\u00e1vel nas mais diversas superf\u00edcies.<br \/>\nMedidas:<br \/>\nAltura &#8211; aberto: 15,5 cm;<br \/>\nComprimento: 11 cm;<br \/>\nLargura: 6,6 cm;<br \/>\nEspessura &#8211; fechado: 2,8 cm;<\/p>\n<p>Grava\u00e7\u00e3o serigrafia em 1 cor.<\/p>\n<ul>\n<li>M\u00ednimo 50 unidades.<\/li>\n<\/ul>\n","protected":false},"featured_media":6850,"template":"","meta":[],"product_brand":[],"product_cat":[353,417],"product_tag":[],"class_list":{"0":"post-6848","1":"product","2":"type-product","3":"status-publish","4":"has-post-thumbnail","6":"product_cat-diversos","7":"product_cat-pendrive-tecnologia","9":"first","10":"instock","11":"shipping-taxable","12":"product-type-simple"},"_links":{"self":[{"href":"https:\/\/promoalge.com.br\/index.php?rest_route=\/wp\/v2\/product\/6848","targetHints":{"allow":["GET"]}}],"collection":[{"href":"https:\/\/promoalge.com.br\/index.php?rest_route=\/wp\/v2\/product"}],"about":[{"href":"https:\/\/promoalge.com.br\/index.php?rest_route=\/wp\/v2\/types\/product"}],"wp:featuredmedia":[{"embeddable":true,"href":"https:\/\/promoalge.com.br\/index.php?rest_route=\/wp\/v2\/media\/6850"}],"wp:attachment":[{"href":"https:\/\/promoalge.com.br\/index.php?rest_route=%2Fwp%2Fv2%2Fmedia&parent=6848"}],"wp:term":[{"taxonomy":"product_brand","embeddable":true,"href":"https:\/\/promoalge.com.br\/index.php?rest_route=%2Fwp%2Fv2%2Fproduct_brand&post=6848"},{"taxonomy":"product_cat","embeddable":true,"href":"https:\/\/promoalge.com.br\/index.php?rest_route=%2Fwp%2Fv2%2Fproduct_cat&post=6848"},{"taxonomy":"product_tag","embeddable":true,"href":"https:\/\/promoalge.com.br\/index.php?rest_route=%2Fwp%2Fv2%2Fproduct_tag&post=6848"}],"curies":[{"name":"wp","href":"https:\/\/api.w.org\/{rel}","templated":true}]}}