{"id":6867,"date":"2021-05-11T17:19:17","date_gmt":"2021-05-11T20:19:17","guid":{"rendered":"http:\/\/promoalge.com.br\/?post_type=product&#038;p=6867"},"modified":"2021-05-11T17:19:17","modified_gmt":"2021-05-11T20:19:17","slug":"suporte-de-celular-veicular-pr2955","status":"publish","type":"product","link":"https:\/\/promoalge.com.br\/?product=suporte-de-celular-veicular-pr2955","title":{"rendered":"Suporte de Celular Veicular &#8211; PR2955"},"content":{"rendered":"","protected":false},"excerpt":{"rendered":"<p>Suporte de celular veicular regul\u00e1vel, material em pl\u00e1stico resistente com detalhes emborrachados para evitar que escorregue o celular. Para utilizar basta encaixar o suporte cinza traseiro no painel de ar do ve\u00edculo e regular o tamanho desejado puxando pelas laterais. Medidas Altura: 98 mm x Largura: 29mm, Grava\u00e7\u00e3o serigrafia em 1 cor.<\/p>\n<ul>\n<li>M\u00ednimo 100 unidades.<\/li>\n<\/ul>\n","protected":false},"featured_media":6868,"template":"","meta":[],"product_brand":[],"product_cat":[353],"product_tag":[],"class_list":{"0":"post-6867","1":"product","2":"type-product","3":"status-publish","4":"has-post-thumbnail","6":"product_cat-diversos","8":"first","9":"instock","10":"shipping-taxable","11":"product-type-simple"},"_links":{"self":[{"href":"https:\/\/promoalge.com.br\/index.php?rest_route=\/wp\/v2\/product\/6867","targetHints":{"allow":["GET"]}}],"collection":[{"href":"https:\/\/promoalge.com.br\/index.php?rest_route=\/wp\/v2\/product"}],"about":[{"href":"https:\/\/promoalge.com.br\/index.php?rest_route=\/wp\/v2\/types\/product"}],"wp:featuredmedia":[{"embeddable":true,"href":"https:\/\/promoalge.com.br\/index.php?rest_route=\/wp\/v2\/media\/6868"}],"wp:attachment":[{"href":"https:\/\/promoalge.com.br\/index.php?rest_route=%2Fwp%2Fv2%2Fmedia&parent=6867"}],"wp:term":[{"taxonomy":"product_brand","embeddable":true,"href":"https:\/\/promoalge.com.br\/index.php?rest_route=%2Fwp%2Fv2%2Fproduct_brand&post=6867"},{"taxonomy":"product_cat","embeddable":true,"href":"https:\/\/promoalge.com.br\/index.php?rest_route=%2Fwp%2Fv2%2Fproduct_cat&post=6867"},{"taxonomy":"product_tag","embeddable":true,"href":"https:\/\/promoalge.com.br\/index.php?rest_route=%2Fwp%2Fv2%2Fproduct_tag&post=6867"}],"curies":[{"name":"wp","href":"https:\/\/api.w.org\/{rel}","templated":true}]}}