{"id":6875,"date":"2021-05-11T17:34:02","date_gmt":"2021-05-11T20:34:02","guid":{"rendered":"http:\/\/promoalge.com.br\/?post_type=product&#038;p=6875"},"modified":"2021-05-11T17:34:03","modified_gmt":"2021-05-11T20:34:03","slug":"pasta-de-convencao-com-fecho-imantado-pr3015","status":"publish","type":"product","link":"https:\/\/promoalge.com.br\/?product=pasta-de-convencao-com-fecho-imantado-pr3015","title":{"rendered":"Pasta de Conven\u00e7\u00e3o com Fecho Imantado &#8211; PR3015"},"content":{"rendered":"","protected":false},"excerpt":{"rendered":"<p>Pasta conven\u00e7\u00e3o com fecho imantado e plaquinha personaliz\u00e1vel. Produzido em couro sint\u00e9tico, a pasta cont\u00e9m bolso lateral na contracapa e bolso com fechamento em z\u00edper, al\u00e9m divis\u00f3rias para cart\u00f5es e\/ou documentos com bolso lateral. Possui acesso para fich\u00e1rio de duas argolas e compartimento para bloco de folhas com aproximadamente 20 folhas brancas com pauta.<\/p>\n<p>Medidas:<br \/>\nLargura : 25,7 cm;<br \/>\nEspessura : 4,1 cm;<br \/>\nComprimento : 33,5 cm;<\/p>\n<p>Grava\u00e7\u00e3o a laser.<\/p>\n<ul>\n<li>M\u00ednimo 30 unidades.<\/li>\n<\/ul>\n","protected":false},"featured_media":6876,"template":"","meta":[],"product_brand":[],"product_cat":[408,409,410],"product_tag":[],"class_list":{"0":"post-6875","1":"product","2":"type-product","3":"status-publish","4":"has-post-thumbnail","6":"product_cat-couro","7":"product_cat-escritorio","8":"product_cat-eventos-pastas-pvc","10":"first","11":"instock","12":"shipping-taxable","13":"product-type-simple"},"_links":{"self":[{"href":"https:\/\/promoalge.com.br\/index.php?rest_route=\/wp\/v2\/product\/6875","targetHints":{"allow":["GET"]}}],"collection":[{"href":"https:\/\/promoalge.com.br\/index.php?rest_route=\/wp\/v2\/product"}],"about":[{"href":"https:\/\/promoalge.com.br\/index.php?rest_route=\/wp\/v2\/types\/product"}],"wp:featuredmedia":[{"embeddable":true,"href":"https:\/\/promoalge.com.br\/index.php?rest_route=\/wp\/v2\/media\/6876"}],"wp:attachment":[{"href":"https:\/\/promoalge.com.br\/index.php?rest_route=%2Fwp%2Fv2%2Fmedia&parent=6875"}],"wp:term":[{"taxonomy":"product_brand","embeddable":true,"href":"https:\/\/promoalge.com.br\/index.php?rest_route=%2Fwp%2Fv2%2Fproduct_brand&post=6875"},{"taxonomy":"product_cat","embeddable":true,"href":"https:\/\/promoalge.com.br\/index.php?rest_route=%2Fwp%2Fv2%2Fproduct_cat&post=6875"},{"taxonomy":"product_tag","embeddable":true,"href":"https:\/\/promoalge.com.br\/index.php?rest_route=%2Fwp%2Fv2%2Fproduct_tag&post=6875"}],"curies":[{"name":"wp","href":"https:\/\/api.w.org\/{rel}","templated":true}]}}