{"id":6880,"date":"2021-05-11T17:40:01","date_gmt":"2021-05-11T20:40:01","guid":{"rendered":"http:\/\/promoalge.com.br\/?post_type=product&#038;p=6880"},"modified":"2025-02-11T15:21:16","modified_gmt":"2025-02-11T18:21:16","slug":"pasta-de-convencao-com-calculadora-pr10108","status":"publish","type":"product","link":"https:\/\/promoalge.com.br\/?product=pasta-de-convencao-com-calculadora-pr10108","title":{"rendered":"Pasta de Conven\u00e7\u00e3o com Calculadora &#8211; PR10108"},"content":{"rendered":"","protected":false},"excerpt":{"rendered":"<p>Pasta conven\u00e7\u00e3o de couro sint\u00e9tico, possui calculadora solar pl\u00e1stica de 8 d\u00edgitos, suporte para cart\u00e3o, suporte com visor para cart\u00e3o de identifica\u00e7\u00e3o, suporte para arquivar documentos, suporte para caneta(n\u00e3o acompanha caneta) e bloco com 20 folhas pautadas, medidas 31,5 cm x 24,1 cm. Grava\u00e7\u00e3o baixo relevo.<\/p>\n<ul>\n<li>M\u00ednimo 50 unidades.<\/li>\n<\/ul>\n","protected":false},"featured_media":6885,"template":"","meta":[],"product_brand":[],"product_cat":[408,409,410],"product_tag":[],"class_list":{"0":"post-6880","1":"product","2":"type-product","3":"status-publish","4":"has-post-thumbnail","6":"product_cat-couro","7":"product_cat-escritorio","8":"product_cat-eventos-pastas-pvc","10":"first","11":"instock","12":"shipping-taxable","13":"product-type-simple"},"_links":{"self":[{"href":"https:\/\/promoalge.com.br\/index.php?rest_route=\/wp\/v2\/product\/6880","targetHints":{"allow":["GET"]}}],"collection":[{"href":"https:\/\/promoalge.com.br\/index.php?rest_route=\/wp\/v2\/product"}],"about":[{"href":"https:\/\/promoalge.com.br\/index.php?rest_route=\/wp\/v2\/types\/product"}],"wp:featuredmedia":[{"embeddable":true,"href":"https:\/\/promoalge.com.br\/index.php?rest_route=\/wp\/v2\/media\/6885"}],"wp:attachment":[{"href":"https:\/\/promoalge.com.br\/index.php?rest_route=%2Fwp%2Fv2%2Fmedia&parent=6880"}],"wp:term":[{"taxonomy":"product_brand","embeddable":true,"href":"https:\/\/promoalge.com.br\/index.php?rest_route=%2Fwp%2Fv2%2Fproduct_brand&post=6880"},{"taxonomy":"product_cat","embeddable":true,"href":"https:\/\/promoalge.com.br\/index.php?rest_route=%2Fwp%2Fv2%2Fproduct_cat&post=6880"},{"taxonomy":"product_tag","embeddable":true,"href":"https:\/\/promoalge.com.br\/index.php?rest_route=%2Fwp%2Fv2%2Fproduct_tag&post=6880"}],"curies":[{"name":"wp","href":"https:\/\/api.w.org\/{rel}","templated":true}]}}