{"id":6886,"date":"2021-05-13T12:02:05","date_gmt":"2021-05-13T15:02:05","guid":{"rendered":"http:\/\/promoalge.com.br\/?post_type=product&#038;p=6886"},"modified":"2021-05-13T12:02:09","modified_gmt":"2021-05-13T15:02:09","slug":"envelope-em-sintetico-pr13122","status":"publish","type":"product","link":"https:\/\/promoalge.com.br\/?product=envelope-em-sintetico-pr13122","title":{"rendered":"Envelope em Sint\u00e9tico &#8211; PR13122"},"content":{"rendered":"","protected":false},"excerpt":{"rendered":"<p>Envelope produzido em couro sint\u00e9tico e bot\u00e3o com im\u00e3 para lacre, medidas 14 cm x 24,9 cm. Grava\u00e7\u00e3o baixo relevo.<\/p>\n","protected":false},"featured_media":6887,"template":"","meta":[],"product_brand":[],"product_cat":[408,353,409],"product_tag":[],"class_list":{"0":"post-6886","1":"product","2":"type-product","3":"status-publish","4":"has-post-thumbnail","6":"product_cat-couro","7":"product_cat-diversos","8":"product_cat-escritorio","10":"first","11":"instock","12":"shipping-taxable","13":"product-type-simple"},"_links":{"self":[{"href":"https:\/\/promoalge.com.br\/index.php?rest_route=\/wp\/v2\/product\/6886","targetHints":{"allow":["GET"]}}],"collection":[{"href":"https:\/\/promoalge.com.br\/index.php?rest_route=\/wp\/v2\/product"}],"about":[{"href":"https:\/\/promoalge.com.br\/index.php?rest_route=\/wp\/v2\/types\/product"}],"wp:featuredmedia":[{"embeddable":true,"href":"https:\/\/promoalge.com.br\/index.php?rest_route=\/wp\/v2\/media\/6887"}],"wp:attachment":[{"href":"https:\/\/promoalge.com.br\/index.php?rest_route=%2Fwp%2Fv2%2Fmedia&parent=6886"}],"wp:term":[{"taxonomy":"product_brand","embeddable":true,"href":"https:\/\/promoalge.com.br\/index.php?rest_route=%2Fwp%2Fv2%2Fproduct_brand&post=6886"},{"taxonomy":"product_cat","embeddable":true,"href":"https:\/\/promoalge.com.br\/index.php?rest_route=%2Fwp%2Fv2%2Fproduct_cat&post=6886"},{"taxonomy":"product_tag","embeddable":true,"href":"https:\/\/promoalge.com.br\/index.php?rest_route=%2Fwp%2Fv2%2Fproduct_tag&post=6886"}],"curies":[{"name":"wp","href":"https:\/\/api.w.org\/{rel}","templated":true}]}}