{"id":6900,"date":"2021-05-13T15:26:28","date_gmt":"2021-05-13T18:26:28","guid":{"rendered":"http:\/\/promoalge.com.br\/?post_type=product&#038;p=6900"},"modified":"2021-05-13T15:26:29","modified_gmt":"2021-05-13T18:26:29","slug":"smartwatch-pr18660","status":"publish","type":"product","link":"https:\/\/promoalge.com.br\/?product=smartwatch-pr18660","title":{"rendered":"Smartwatch &#8211; PR18660"},"content":{"rendered":"","protected":false},"excerpt":{"rendered":"<p>Smartwatch D20 com display de 1.3 polegadas e resolu\u00e7\u00e3o de 240&#215;240, operante nos modos esporte, sa\u00fade e tecnologia. O rel\u00f3gio inteligente D20 ir\u00e1 auxiliar no monitoramento da sua sa\u00fade durante o dia a dia, atrav\u00e9s do seu sensor led ele realiza leituras da sua frequ\u00eancia card\u00edaca, press\u00e3o arterial, oxigena\u00e7\u00e3o sangu\u00ednea e atrav\u00e9s do app, ir\u00e1 monitorar a qualidade das suas horas de sono. Al\u00e9m da fun\u00e7\u00e3o ped\u00f4metro que realiza o c\u00e1lculo de passos, quilometragem percorrida e calorias perdidas durante o processo, no modo esporte o rel\u00f3gio monitora o tempo das atividades e exibe as calorias perdidas em pr\u00e1ticas como: corrida, abdominal e corda. No modo tecnologia, o rel\u00f3gio permite alterar o tema entre dois modelos pr\u00e9-definidos. O rel\u00f3gio D20 cont\u00e9m as fun\u00e7\u00f5es de alerta de mensagens, exibi\u00e7\u00e3o de chamada telef\u00f4nica, ajuste de vibra\u00e7\u00e3o, foto remota, localizador de celular e atrav\u00e9s de configura\u00e7\u00f5es no app, permite a programa\u00e7\u00e3o de: alarmes, ligar o display ao virar o pulso para si mesmo, lembrete de sedentarismo e op\u00e7\u00f5es de reset e leitura de QR code do aplicativo. Acompanha pulseira de TPU, slot USB acoplado no pr\u00f3prio rel\u00f3gio para carregamento.<br \/>\nMedidas:<br \/>\nRel\u00f3gio-Comprimento: 4,2 cm<br \/>\nRel\u00f3gio-Largura: 3,6 cm<br \/>\nRel\u00f3gio-Espessura: 1,3 cm<br \/>\nTamanho total com pulseira: 24,5 cm<\/p>\n<p>Grava\u00e7\u00e3o serigrafia em 1 cor na pulseira.<\/p>\n<ul>\n<li>M\u00ednimo 30 unidades.<\/li>\n<\/ul>\n","protected":false},"featured_media":6901,"template":"","meta":[],"product_brand":[],"product_cat":[353,417],"product_tag":[],"class_list":{"0":"post-6900","1":"product","2":"type-product","3":"status-publish","4":"has-post-thumbnail","6":"product_cat-diversos","7":"product_cat-pendrive-tecnologia","9":"first","10":"instock","11":"shipping-taxable","12":"product-type-simple"},"_links":{"self":[{"href":"https:\/\/promoalge.com.br\/index.php?rest_route=\/wp\/v2\/product\/6900","targetHints":{"allow":["GET"]}}],"collection":[{"href":"https:\/\/promoalge.com.br\/index.php?rest_route=\/wp\/v2\/product"}],"about":[{"href":"https:\/\/promoalge.com.br\/index.php?rest_route=\/wp\/v2\/types\/product"}],"wp:featuredmedia":[{"embeddable":true,"href":"https:\/\/promoalge.com.br\/index.php?rest_route=\/wp\/v2\/media\/6901"}],"wp:attachment":[{"href":"https:\/\/promoalge.com.br\/index.php?rest_route=%2Fwp%2Fv2%2Fmedia&parent=6900"}],"wp:term":[{"taxonomy":"product_brand","embeddable":true,"href":"https:\/\/promoalge.com.br\/index.php?rest_route=%2Fwp%2Fv2%2Fproduct_brand&post=6900"},{"taxonomy":"product_cat","embeddable":true,"href":"https:\/\/promoalge.com.br\/index.php?rest_route=%2Fwp%2Fv2%2Fproduct_cat&post=6900"},{"taxonomy":"product_tag","embeddable":true,"href":"https:\/\/promoalge.com.br\/index.php?rest_route=%2Fwp%2Fv2%2Fproduct_tag&post=6900"}],"curies":[{"name":"wp","href":"https:\/\/api.w.org\/{rel}","templated":true}]}}