{"id":6955,"date":"2021-05-21T12:05:42","date_gmt":"2021-05-21T15:05:42","guid":{"rendered":"http:\/\/promoalge.com.br\/?post_type=product&#038;p=6955"},"modified":"2021-05-21T12:05:42","modified_gmt":"2021-05-21T15:05:42","slug":"squeeze-plastico-730ml-pr18551","status":"publish","type":"product","link":"https:\/\/promoalge.com.br\/?product=squeeze-plastico-730ml-pr18551","title":{"rendered":"Squeeze Pl\u00e1stico 730ml &#8211; PR18551"},"content":{"rendered":"","protected":false},"excerpt":{"rendered":"<p>Squeeze pl\u00e1stico 730ml com tampa rosque\u00e1vel e mosquet\u00e3o colorido.<br \/>\nMedidas:<br \/>\nAltura : 22,5 cm<br \/>\nLargura : 8,1 cm<br \/>\nCircunfer\u00eancia : 24,1 cm<\/p>\n<p>Grava\u00e7\u00e3o serigrafia em 1 cor.<\/p>\n<ul>\n<li>M\u00ednimo 50 unidades.<\/li>\n<\/ul>\n","protected":false},"featured_media":6956,"template":"","meta":[],"product_brand":[],"product_cat":[251],"product_tag":[],"class_list":{"0":"post-6955","1":"product","2":"type-product","3":"status-publish","4":"has-post-thumbnail","6":"product_cat-plastica-canecas-copos-garrafas","8":"first","9":"instock","10":"shipping-taxable","11":"product-type-simple"},"_links":{"self":[{"href":"https:\/\/promoalge.com.br\/index.php?rest_route=\/wp\/v2\/product\/6955","targetHints":{"allow":["GET"]}}],"collection":[{"href":"https:\/\/promoalge.com.br\/index.php?rest_route=\/wp\/v2\/product"}],"about":[{"href":"https:\/\/promoalge.com.br\/index.php?rest_route=\/wp\/v2\/types\/product"}],"wp:featuredmedia":[{"embeddable":true,"href":"https:\/\/promoalge.com.br\/index.php?rest_route=\/wp\/v2\/media\/6956"}],"wp:attachment":[{"href":"https:\/\/promoalge.com.br\/index.php?rest_route=%2Fwp%2Fv2%2Fmedia&parent=6955"}],"wp:term":[{"taxonomy":"product_brand","embeddable":true,"href":"https:\/\/promoalge.com.br\/index.php?rest_route=%2Fwp%2Fv2%2Fproduct_brand&post=6955"},{"taxonomy":"product_cat","embeddable":true,"href":"https:\/\/promoalge.com.br\/index.php?rest_route=%2Fwp%2Fv2%2Fproduct_cat&post=6955"},{"taxonomy":"product_tag","embeddable":true,"href":"https:\/\/promoalge.com.br\/index.php?rest_route=%2Fwp%2Fv2%2Fproduct_tag&post=6955"}],"curies":[{"name":"wp","href":"https:\/\/api.w.org\/{rel}","templated":true}]}}