{"id":6963,"date":"2021-05-21T12:16:00","date_gmt":"2021-05-21T15:16:00","guid":{"rendered":"http:\/\/promoalge.com.br\/?post_type=product&#038;p=6963"},"modified":"2021-05-21T12:16:00","modified_gmt":"2021-05-21T15:16:00","slug":"squeeze-plastico-680ml-pr14415","status":"publish","type":"product","link":"https:\/\/promoalge.com.br\/?product=squeeze-plastico-680ml-pr14415","title":{"rendered":"Squeeze Pl\u00e1stico 680ml &#8211; PR14415"},"content":{"rendered":"","protected":false},"excerpt":{"rendered":"<p>Squeeze pl\u00e1stico de 680ml. Produzido em PVC fosco, a squeeze possui tampa rosque\u00e1vel em inox com al\u00e7a el\u00e1stica para transporte (n\u00e3o remov\u00edvel).<br \/>\nMedidas:<br \/>\nAltura : 23 cm<br \/>\nLargura : 7 cm<br \/>\nCircunfer\u00eancia : 22,1 cm<\/p>\n<p>Grava\u00e7\u00e3o serigrafia.<\/p>\n<ul>\n<li>M\u00ednimo 50 unidades.<\/li>\n<\/ul>\n","protected":false},"featured_media":6964,"template":"","meta":[],"product_brand":[],"product_cat":[251],"product_tag":[],"class_list":{"0":"post-6963","1":"product","2":"type-product","3":"status-publish","4":"has-post-thumbnail","6":"product_cat-plastica-canecas-copos-garrafas","8":"first","9":"instock","10":"shipping-taxable","11":"product-type-simple"},"_links":{"self":[{"href":"https:\/\/promoalge.com.br\/index.php?rest_route=\/wp\/v2\/product\/6963","targetHints":{"allow":["GET"]}}],"collection":[{"href":"https:\/\/promoalge.com.br\/index.php?rest_route=\/wp\/v2\/product"}],"about":[{"href":"https:\/\/promoalge.com.br\/index.php?rest_route=\/wp\/v2\/types\/product"}],"wp:featuredmedia":[{"embeddable":true,"href":"https:\/\/promoalge.com.br\/index.php?rest_route=\/wp\/v2\/media\/6964"}],"wp:attachment":[{"href":"https:\/\/promoalge.com.br\/index.php?rest_route=%2Fwp%2Fv2%2Fmedia&parent=6963"}],"wp:term":[{"taxonomy":"product_brand","embeddable":true,"href":"https:\/\/promoalge.com.br\/index.php?rest_route=%2Fwp%2Fv2%2Fproduct_brand&post=6963"},{"taxonomy":"product_cat","embeddable":true,"href":"https:\/\/promoalge.com.br\/index.php?rest_route=%2Fwp%2Fv2%2Fproduct_cat&post=6963"},{"taxonomy":"product_tag","embeddable":true,"href":"https:\/\/promoalge.com.br\/index.php?rest_route=%2Fwp%2Fv2%2Fproduct_tag&post=6963"}],"curies":[{"name":"wp","href":"https:\/\/api.w.org\/{rel}","templated":true}]}}