{"id":6981,"date":"2021-05-24T18:22:45","date_gmt":"2021-05-24T21:22:45","guid":{"rendered":"http:\/\/promoalge.com.br\/?post_type=product&#038;p=6981"},"modified":"2021-05-24T18:22:46","modified_gmt":"2021-05-24T21:22:46","slug":"mouse-dobravel-sem-fio-pr97399","status":"publish","type":"product","link":"https:\/\/promoalge.com.br\/?product=mouse-dobravel-sem-fio-pr97399","title":{"rendered":"Mouse Dobr\u00e1vel sem Fio &#8211; PR97399"},"content":{"rendered":"","protected":false},"excerpt":{"rendered":"<p>Mouse wireless dobr\u00e1vel 2.4G produzido em pl\u00e1stico ABS, acabamento emborrachado. Incluso 2 pilhas AAA. Incluso caixa transparente. Medidas:60 x 112 x 20 mm | Caixa: 75 x 130 x 44 mm. Grava\u00e7\u00e3o serigrafia em 1 cor.<\/p>\n<ul>\n<li>M\u00ednimo 30 unidades.<\/li>\n<\/ul>\n","protected":false},"featured_media":6982,"template":"","meta":[],"product_brand":[],"product_cat":[353,409,417],"product_tag":[],"class_list":{"0":"post-6981","1":"product","2":"type-product","3":"status-publish","4":"has-post-thumbnail","6":"product_cat-diversos","7":"product_cat-escritorio","8":"product_cat-pendrive-tecnologia","10":"first","11":"instock","12":"shipping-taxable","13":"product-type-simple"},"_links":{"self":[{"href":"https:\/\/promoalge.com.br\/index.php?rest_route=\/wp\/v2\/product\/6981","targetHints":{"allow":["GET"]}}],"collection":[{"href":"https:\/\/promoalge.com.br\/index.php?rest_route=\/wp\/v2\/product"}],"about":[{"href":"https:\/\/promoalge.com.br\/index.php?rest_route=\/wp\/v2\/types\/product"}],"wp:featuredmedia":[{"embeddable":true,"href":"https:\/\/promoalge.com.br\/index.php?rest_route=\/wp\/v2\/media\/6982"}],"wp:attachment":[{"href":"https:\/\/promoalge.com.br\/index.php?rest_route=%2Fwp%2Fv2%2Fmedia&parent=6981"}],"wp:term":[{"taxonomy":"product_brand","embeddable":true,"href":"https:\/\/promoalge.com.br\/index.php?rest_route=%2Fwp%2Fv2%2Fproduct_brand&post=6981"},{"taxonomy":"product_cat","embeddable":true,"href":"https:\/\/promoalge.com.br\/index.php?rest_route=%2Fwp%2Fv2%2Fproduct_cat&post=6981"},{"taxonomy":"product_tag","embeddable":true,"href":"https:\/\/promoalge.com.br\/index.php?rest_route=%2Fwp%2Fv2%2Fproduct_tag&post=6981"}],"curies":[{"name":"wp","href":"https:\/\/api.w.org\/{rel}","templated":true}]}}