{"id":6987,"date":"2021-05-24T18:33:35","date_gmt":"2021-05-24T21:33:35","guid":{"rendered":"http:\/\/promoalge.com.br\/?post_type=product&#038;p=6987"},"modified":"2021-05-24T18:35:23","modified_gmt":"2021-05-24T21:35:23","slug":"bloco-de-anotacoes-pr14491","status":"publish","type":"product","link":"https:\/\/promoalge.com.br\/?product=bloco-de-anotacoes-pr14491","title":{"rendered":"Bloco de Anota\u00e7\u00f5es &#8211; PR14491"},"content":{"rendered":"","protected":false},"excerpt":{"rendered":"<p>Bloco de anota\u00e7\u00f5es de mesa com trilho de ferro, capa em couro sint\u00e9tico. Possui suporte na lateral interna para colocar caneta (n\u00e3o acompanha) e aproximadamente 96 folhas recicladas com \u00e1rea destac\u00e1vel.<\/p>\n<p>Medidas<br \/>\nLargura : 17 cm<br \/>\nEspessura : 3,8 cm<br \/>\nComprimento : 23,2 cm<\/p>\n<p>Grava\u00e7\u00e3o baixo relevo.<\/p>\n<ul>\n<li>M\u00ednimo 100 unidades.<\/li>\n<\/ul>\n","protected":false},"featured_media":6988,"template":"","meta":[],"product_brand":[],"product_cat":[408,353,409],"product_tag":[],"class_list":{"0":"post-6987","1":"product","2":"type-product","3":"status-publish","4":"has-post-thumbnail","6":"product_cat-couro","7":"product_cat-diversos","8":"product_cat-escritorio","10":"first","11":"instock","12":"shipping-taxable","13":"product-type-simple"},"_links":{"self":[{"href":"https:\/\/promoalge.com.br\/index.php?rest_route=\/wp\/v2\/product\/6987","targetHints":{"allow":["GET"]}}],"collection":[{"href":"https:\/\/promoalge.com.br\/index.php?rest_route=\/wp\/v2\/product"}],"about":[{"href":"https:\/\/promoalge.com.br\/index.php?rest_route=\/wp\/v2\/types\/product"}],"wp:featuredmedia":[{"embeddable":true,"href":"https:\/\/promoalge.com.br\/index.php?rest_route=\/wp\/v2\/media\/6988"}],"wp:attachment":[{"href":"https:\/\/promoalge.com.br\/index.php?rest_route=%2Fwp%2Fv2%2Fmedia&parent=6987"}],"wp:term":[{"taxonomy":"product_brand","embeddable":true,"href":"https:\/\/promoalge.com.br\/index.php?rest_route=%2Fwp%2Fv2%2Fproduct_brand&post=6987"},{"taxonomy":"product_cat","embeddable":true,"href":"https:\/\/promoalge.com.br\/index.php?rest_route=%2Fwp%2Fv2%2Fproduct_cat&post=6987"},{"taxonomy":"product_tag","embeddable":true,"href":"https:\/\/promoalge.com.br\/index.php?rest_route=%2Fwp%2Fv2%2Fproduct_tag&post=6987"}],"curies":[{"name":"wp","href":"https:\/\/api.w.org\/{rel}","templated":true}]}}