{"id":6994,"date":"2021-05-24T18:40:44","date_gmt":"2021-05-24T21:40:44","guid":{"rendered":"http:\/\/promoalge.com.br\/?post_type=product&#038;p=6994"},"modified":"2021-05-24T18:40:45","modified_gmt":"2021-05-24T21:40:45","slug":"bloco-de-anotacoes-emborrachado-pr3002","status":"publish","type":"product","link":"https:\/\/promoalge.com.br\/?product=bloco-de-anotacoes-emborrachado-pr3002","title":{"rendered":"Bloco de Anota\u00e7\u00f5es Emborrachado &#8211; PR3002"},"content":{"rendered":"","protected":false},"excerpt":{"rendered":"<p>Bloco de anota\u00e7\u00f5es emborrachado com suporte para caneta. Cont\u00e9m aproximadamente 96 folhas amarelas sem pauta, suporte de nylon para caneta (n\u00e3o acompanha), marcador de p\u00e1gina em cetim e el\u00e1stico para lacre com plaquinha de centro emborrachado.<\/p>\n<p>Medidas:<br \/>\nAltura : 21,4 cm<br \/>\nLargura : 14,7 cm<br \/>\nEspessura : 2,3 cm<\/p>\n<p>Grava\u00e7\u00e3o a laser.<\/p>\n<ul>\n<li>M\u00ednimo 100 unidades.<\/li>\n<\/ul>\n","protected":false},"featured_media":6995,"template":"","meta":[],"product_brand":[],"product_cat":[353,409],"product_tag":[],"class_list":{"0":"post-6994","1":"product","2":"type-product","3":"status-publish","4":"has-post-thumbnail","6":"product_cat-diversos","7":"product_cat-escritorio","9":"first","10":"instock","11":"shipping-taxable","12":"product-type-simple"},"_links":{"self":[{"href":"https:\/\/promoalge.com.br\/index.php?rest_route=\/wp\/v2\/product\/6994","targetHints":{"allow":["GET"]}}],"collection":[{"href":"https:\/\/promoalge.com.br\/index.php?rest_route=\/wp\/v2\/product"}],"about":[{"href":"https:\/\/promoalge.com.br\/index.php?rest_route=\/wp\/v2\/types\/product"}],"wp:featuredmedia":[{"embeddable":true,"href":"https:\/\/promoalge.com.br\/index.php?rest_route=\/wp\/v2\/media\/6995"}],"wp:attachment":[{"href":"https:\/\/promoalge.com.br\/index.php?rest_route=%2Fwp%2Fv2%2Fmedia&parent=6994"}],"wp:term":[{"taxonomy":"product_brand","embeddable":true,"href":"https:\/\/promoalge.com.br\/index.php?rest_route=%2Fwp%2Fv2%2Fproduct_brand&post=6994"},{"taxonomy":"product_cat","embeddable":true,"href":"https:\/\/promoalge.com.br\/index.php?rest_route=%2Fwp%2Fv2%2Fproduct_cat&post=6994"},{"taxonomy":"product_tag","embeddable":true,"href":"https:\/\/promoalge.com.br\/index.php?rest_route=%2Fwp%2Fv2%2Fproduct_tag&post=6994"}],"curies":[{"name":"wp","href":"https:\/\/api.w.org\/{rel}","templated":true}]}}