{"id":7007,"date":"2021-05-25T13:10:35","date_gmt":"2021-05-25T16:10:35","guid":{"rendered":"http:\/\/promoalge.com.br\/?post_type=product&#038;p=7007"},"modified":"2021-05-25T13:10:35","modified_gmt":"2021-05-25T16:10:35","slug":"copo-termico-parede-dupla-pr94681","status":"publish","type":"product","link":"https:\/\/promoalge.com.br\/?product=copo-termico-parede-dupla-pr94681","title":{"rendered":"Copo T\u00e9rmico Parede Dupla &#8211; PR94681"},"content":{"rendered":"","protected":false},"excerpt":{"rendered":"<p>Copo para viagem produzida em a\u00e7o inox e PP, capacidade at\u00e9 470 ml, possui parede dupla, tampa com sistema anti derrame e antideslizante na base. Grava\u00e7\u00e3o a laser<\/p>\n<ul>\n<li>M\u00ednimo 50 Unidades.<\/li>\n<\/ul>\n","protected":false},"featured_media":7018,"template":"","meta":[],"product_brand":[],"product_cat":[237,414],"product_tag":[],"class_list":{"0":"post-7007","1":"product","2":"type-product","3":"status-publish","4":"has-post-thumbnail","6":"product_cat-metalicas","7":"product_cat-praia-verao","9":"first","10":"instock","11":"shipping-taxable","12":"product-type-simple"},"_links":{"self":[{"href":"https:\/\/promoalge.com.br\/index.php?rest_route=\/wp\/v2\/product\/7007","targetHints":{"allow":["GET"]}}],"collection":[{"href":"https:\/\/promoalge.com.br\/index.php?rest_route=\/wp\/v2\/product"}],"about":[{"href":"https:\/\/promoalge.com.br\/index.php?rest_route=\/wp\/v2\/types\/product"}],"wp:featuredmedia":[{"embeddable":true,"href":"https:\/\/promoalge.com.br\/index.php?rest_route=\/wp\/v2\/media\/7018"}],"wp:attachment":[{"href":"https:\/\/promoalge.com.br\/index.php?rest_route=%2Fwp%2Fv2%2Fmedia&parent=7007"}],"wp:term":[{"taxonomy":"product_brand","embeddable":true,"href":"https:\/\/promoalge.com.br\/index.php?rest_route=%2Fwp%2Fv2%2Fproduct_brand&post=7007"},{"taxonomy":"product_cat","embeddable":true,"href":"https:\/\/promoalge.com.br\/index.php?rest_route=%2Fwp%2Fv2%2Fproduct_cat&post=7007"},{"taxonomy":"product_tag","embeddable":true,"href":"https:\/\/promoalge.com.br\/index.php?rest_route=%2Fwp%2Fv2%2Fproduct_tag&post=7007"}],"curies":[{"name":"wp","href":"https:\/\/api.w.org\/{rel}","templated":true}]}}