{"id":7025,"date":"2021-05-25T15:19:21","date_gmt":"2021-05-25T18:19:21","guid":{"rendered":"http:\/\/promoalge.com.br\/?post_type=product&#038;p=7025"},"modified":"2021-05-25T15:19:22","modified_gmt":"2021-05-25T18:19:22","slug":"coqueteleira-500-ml-pr140314","status":"publish","type":"product","link":"https:\/\/promoalge.com.br\/?product=coqueteleira-500-ml-pr140314","title":{"rendered":"Coqueteleira 500 ml &#8211; PR140314"},"content":{"rendered":"","protected":false},"excerpt":{"rendered":"<p>Coqueteleira em a\u00e7o inox com capacidade de 550ml, cont\u00e9m tampa de press\u00e3o com peneira e tampa protetora. Grava\u00e7\u00e3o a laser.<\/p>\n<ul>\n<li>M\u00ednimo 50 unidades.<\/li>\n<\/ul>\n","protected":false},"featured_media":7026,"template":"","meta":[],"product_brand":[],"product_cat":[237,414],"product_tag":[],"class_list":{"0":"post-7025","1":"product","2":"type-product","3":"status-publish","4":"has-post-thumbnail","6":"product_cat-metalicas","7":"product_cat-praia-verao","9":"first","10":"instock","11":"shipping-taxable","12":"product-type-simple"},"_links":{"self":[{"href":"https:\/\/promoalge.com.br\/index.php?rest_route=\/wp\/v2\/product\/7025","targetHints":{"allow":["GET"]}}],"collection":[{"href":"https:\/\/promoalge.com.br\/index.php?rest_route=\/wp\/v2\/product"}],"about":[{"href":"https:\/\/promoalge.com.br\/index.php?rest_route=\/wp\/v2\/types\/product"}],"wp:featuredmedia":[{"embeddable":true,"href":"https:\/\/promoalge.com.br\/index.php?rest_route=\/wp\/v2\/media\/7026"}],"wp:attachment":[{"href":"https:\/\/promoalge.com.br\/index.php?rest_route=%2Fwp%2Fv2%2Fmedia&parent=7025"}],"wp:term":[{"taxonomy":"product_brand","embeddable":true,"href":"https:\/\/promoalge.com.br\/index.php?rest_route=%2Fwp%2Fv2%2Fproduct_brand&post=7025"},{"taxonomy":"product_cat","embeddable":true,"href":"https:\/\/promoalge.com.br\/index.php?rest_route=%2Fwp%2Fv2%2Fproduct_cat&post=7025"},{"taxonomy":"product_tag","embeddable":true,"href":"https:\/\/promoalge.com.br\/index.php?rest_route=%2Fwp%2Fv2%2Fproduct_tag&post=7025"}],"curies":[{"name":"wp","href":"https:\/\/api.w.org\/{rel}","templated":true}]}}