{"id":7034,"date":"2021-05-25T15:39:27","date_gmt":"2021-05-25T18:39:27","guid":{"rendered":"http:\/\/promoalge.com.br\/?post_type=product&#038;p=7034"},"modified":"2021-05-25T15:39:48","modified_gmt":"2021-05-25T18:39:48","slug":"carteira-de-nylon-impermeavel-pr18540","status":"publish","type":"product","link":"https:\/\/promoalge.com.br\/?product=carteira-de-nylon-impermeavel-pr18540","title":{"rendered":"Carteira de Nylon Imperme\u00e1vel &#8211; PR18540"},"content":{"rendered":"","protected":false},"excerpt":{"rendered":"<p>Carteira de nylon imperme\u00e1vel com al\u00e7a de mosquet\u00e3o. Com amplo espa\u00e7o, possui onze divis\u00f3rias para cart\u00f5es e bolso no verso, compartimento com z\u00edper e bolso aberto com duas divis\u00f3rias com tela para documentos; parte externa com bolso para celular.<br \/>\nMedidas:<br \/>\nAltura : 12 cm<br \/>\nEspessura : 2,7 cm<br \/>\nComprimento : 23,5 cm<\/p>\n<p>Grava\u00e7\u00e3o serigrafia em 1 cor.<\/p>\n<ul>\n<li>M\u00ednimo 100 pe\u00e7as.<\/li>\n<\/ul>\n","protected":false},"featured_media":7038,"template":"","meta":[],"product_brand":[],"product_cat":[79,353],"product_tag":[],"class_list":{"0":"post-7034","1":"product","2":"type-product","3":"status-publish","4":"has-post-thumbnail","6":"product_cat-bolsas-mochilas","7":"product_cat-diversos","9":"first","10":"instock","11":"shipping-taxable","12":"product-type-simple"},"_links":{"self":[{"href":"https:\/\/promoalge.com.br\/index.php?rest_route=\/wp\/v2\/product\/7034","targetHints":{"allow":["GET"]}}],"collection":[{"href":"https:\/\/promoalge.com.br\/index.php?rest_route=\/wp\/v2\/product"}],"about":[{"href":"https:\/\/promoalge.com.br\/index.php?rest_route=\/wp\/v2\/types\/product"}],"wp:featuredmedia":[{"embeddable":true,"href":"https:\/\/promoalge.com.br\/index.php?rest_route=\/wp\/v2\/media\/7038"}],"wp:attachment":[{"href":"https:\/\/promoalge.com.br\/index.php?rest_route=%2Fwp%2Fv2%2Fmedia&parent=7034"}],"wp:term":[{"taxonomy":"product_brand","embeddable":true,"href":"https:\/\/promoalge.com.br\/index.php?rest_route=%2Fwp%2Fv2%2Fproduct_brand&post=7034"},{"taxonomy":"product_cat","embeddable":true,"href":"https:\/\/promoalge.com.br\/index.php?rest_route=%2Fwp%2Fv2%2Fproduct_cat&post=7034"},{"taxonomy":"product_tag","embeddable":true,"href":"https:\/\/promoalge.com.br\/index.php?rest_route=%2Fwp%2Fv2%2Fproduct_tag&post=7034"}],"curies":[{"name":"wp","href":"https:\/\/api.w.org\/{rel}","templated":true}]}}