{"id":7050,"date":"2021-05-25T16:24:39","date_gmt":"2021-05-25T19:24:39","guid":{"rendered":"http:\/\/promoalge.com.br\/?post_type=product&#038;p=7050"},"modified":"2021-05-25T16:24:40","modified_gmt":"2021-05-25T19:24:40","slug":"porta-documento-pr13468","status":"publish","type":"product","link":"https:\/\/promoalge.com.br\/?product=porta-documento-pr13468","title":{"rendered":"Porta Documento &#8211; PR13468"},"content":{"rendered":"","protected":false},"excerpt":{"rendered":"<p>Porta documento em couro sint\u00e9tico, parte interna revestida de veludo e dois \u201cbolsos\u201d com visor pl\u00e1stico.Medidas aproximadas 12,8 cm x 9,2 cm. Grava\u00e7\u00e3o baixo relevo.<\/p>\n<ul>\n<li>M\u00ednimo 100 pe\u00e7as.<\/li>\n<\/ul>\n","protected":false},"featured_media":7051,"template":"","meta":[],"product_brand":[],"product_cat":[408,353],"product_tag":[],"class_list":{"0":"post-7050","1":"product","2":"type-product","3":"status-publish","4":"has-post-thumbnail","6":"product_cat-couro","7":"product_cat-diversos","9":"first","10":"instock","11":"shipping-taxable","12":"product-type-simple"},"_links":{"self":[{"href":"https:\/\/promoalge.com.br\/index.php?rest_route=\/wp\/v2\/product\/7050","targetHints":{"allow":["GET"]}}],"collection":[{"href":"https:\/\/promoalge.com.br\/index.php?rest_route=\/wp\/v2\/product"}],"about":[{"href":"https:\/\/promoalge.com.br\/index.php?rest_route=\/wp\/v2\/types\/product"}],"wp:featuredmedia":[{"embeddable":true,"href":"https:\/\/promoalge.com.br\/index.php?rest_route=\/wp\/v2\/media\/7051"}],"wp:attachment":[{"href":"https:\/\/promoalge.com.br\/index.php?rest_route=%2Fwp%2Fv2%2Fmedia&parent=7050"}],"wp:term":[{"taxonomy":"product_brand","embeddable":true,"href":"https:\/\/promoalge.com.br\/index.php?rest_route=%2Fwp%2Fv2%2Fproduct_brand&post=7050"},{"taxonomy":"product_cat","embeddable":true,"href":"https:\/\/promoalge.com.br\/index.php?rest_route=%2Fwp%2Fv2%2Fproduct_cat&post=7050"},{"taxonomy":"product_tag","embeddable":true,"href":"https:\/\/promoalge.com.br\/index.php?rest_route=%2Fwp%2Fv2%2Fproduct_tag&post=7050"}],"curies":[{"name":"wp","href":"https:\/\/api.w.org\/{rel}","templated":true}]}}