{"id":7059,"date":"2021-05-25T17:05:59","date_gmt":"2021-05-25T20:05:59","guid":{"rendered":"http:\/\/promoalge.com.br\/?post_type=product&#038;p=7059"},"modified":"2021-05-25T17:05:59","modified_gmt":"2021-05-25T20:05:59","slug":"pulseira-dispenser-alcool-gel-8-ml-pr14509","status":"publish","type":"product","link":"https:\/\/promoalge.com.br\/?product=pulseira-dispenser-alcool-gel-8-ml-pr14509","title":{"rendered":"Pulseira Dispenser Alcool Gel 8 ml &#8211; PR14509"},"content":{"rendered":"","protected":false},"excerpt":{"rendered":"<p>Pulseira termopl\u00e1stica dispenser de \u00e1lcool gel com para capacidade de 8ml. Possui trava de seguran\u00e7a, tampa traseira remov\u00edvel para inser\u00e7\u00e3o do \u00e1lcool gel, pulseira com doze tamanhos de ajuste e um passante.<br \/>\nMedidas:<br \/>\nComprimento: 26,5 cm<br \/>\nLargura: 3,5 cm<br \/>\nEspessura: 2 cm<\/p>\n<p>Grava\u00e7\u00e3o serigrafia em 1 cor.<\/p>\n<ul>\n<li>M\u00ednimo 100 unidades.<\/li>\n<\/ul>\n","protected":false},"featured_media":7060,"template":"","meta":[],"product_brand":[],"product_cat":[353],"product_tag":[],"class_list":{"0":"post-7059","1":"product","2":"type-product","3":"status-publish","4":"has-post-thumbnail","6":"product_cat-diversos","8":"first","9":"instock","10":"shipping-taxable","11":"product-type-simple"},"_links":{"self":[{"href":"https:\/\/promoalge.com.br\/index.php?rest_route=\/wp\/v2\/product\/7059","targetHints":{"allow":["GET"]}}],"collection":[{"href":"https:\/\/promoalge.com.br\/index.php?rest_route=\/wp\/v2\/product"}],"about":[{"href":"https:\/\/promoalge.com.br\/index.php?rest_route=\/wp\/v2\/types\/product"}],"wp:featuredmedia":[{"embeddable":true,"href":"https:\/\/promoalge.com.br\/index.php?rest_route=\/wp\/v2\/media\/7060"}],"wp:attachment":[{"href":"https:\/\/promoalge.com.br\/index.php?rest_route=%2Fwp%2Fv2%2Fmedia&parent=7059"}],"wp:term":[{"taxonomy":"product_brand","embeddable":true,"href":"https:\/\/promoalge.com.br\/index.php?rest_route=%2Fwp%2Fv2%2Fproduct_brand&post=7059"},{"taxonomy":"product_cat","embeddable":true,"href":"https:\/\/promoalge.com.br\/index.php?rest_route=%2Fwp%2Fv2%2Fproduct_cat&post=7059"},{"taxonomy":"product_tag","embeddable":true,"href":"https:\/\/promoalge.com.br\/index.php?rest_route=%2Fwp%2Fv2%2Fproduct_tag&post=7059"}],"curies":[{"name":"wp","href":"https:\/\/api.w.org\/{rel}","templated":true}]}}