{"id":7080,"date":"2021-05-25T17:39:20","date_gmt":"2021-05-25T20:39:20","guid":{"rendered":"http:\/\/promoalge.com.br\/?post_type=product&#038;p=7080"},"modified":"2021-05-25T17:39:21","modified_gmt":"2021-05-25T20:39:21","slug":"kit-ferramentas-21-pecas-pr10104","status":"publish","type":"product","link":"https:\/\/promoalge.com.br\/?product=kit-ferramentas-21-pecas-pr10104","title":{"rendered":"Kit Ferramentas 21 Pe\u00e7as &#8211; PR10104"},"content":{"rendered":"","protected":false},"excerpt":{"rendered":"<p>Kit ferramenta 21 pe\u00e7as com caixa de pl\u00e1stico resistente, para abrir basta pressionar bot\u00e3o \u201cpush\u201d na parte central. Possui: 3 mini chaves de fenda, trena 1 metro, estilete, conjunto 10 pontas(4 chaves phillips, 2 chaves fenda, 3 chaves torx e um adaptador), 4 extensores bocais(7MM, 8MM, 9MM e 10MM), ferramenta auxiliar e chave que alonga ferramenta.<\/p>\n<p>Medidas:<br \/>\nAltura : 12,4cm<br \/>\nLargura : 10,1cm<\/p>\n<p>Grava\u00e7\u00e3o a laser no estojo.<\/p>\n<ul>\n<li>M\u00ednimo 50 unidades.<\/li>\n<\/ul>\n","protected":false},"featured_media":7081,"template":"","meta":[],"product_brand":[],"product_cat":[411],"product_tag":[],"class_list":{"0":"post-7080","1":"product","2":"type-product","3":"status-publish","4":"has-post-thumbnail","6":"product_cat-ferramentas","8":"first","9":"instock","10":"shipping-taxable","11":"product-type-simple"},"_links":{"self":[{"href":"https:\/\/promoalge.com.br\/index.php?rest_route=\/wp\/v2\/product\/7080","targetHints":{"allow":["GET"]}}],"collection":[{"href":"https:\/\/promoalge.com.br\/index.php?rest_route=\/wp\/v2\/product"}],"about":[{"href":"https:\/\/promoalge.com.br\/index.php?rest_route=\/wp\/v2\/types\/product"}],"wp:featuredmedia":[{"embeddable":true,"href":"https:\/\/promoalge.com.br\/index.php?rest_route=\/wp\/v2\/media\/7081"}],"wp:attachment":[{"href":"https:\/\/promoalge.com.br\/index.php?rest_route=%2Fwp%2Fv2%2Fmedia&parent=7080"}],"wp:term":[{"taxonomy":"product_brand","embeddable":true,"href":"https:\/\/promoalge.com.br\/index.php?rest_route=%2Fwp%2Fv2%2Fproduct_brand&post=7080"},{"taxonomy":"product_cat","embeddable":true,"href":"https:\/\/promoalge.com.br\/index.php?rest_route=%2Fwp%2Fv2%2Fproduct_cat&post=7080"},{"taxonomy":"product_tag","embeddable":true,"href":"https:\/\/promoalge.com.br\/index.php?rest_route=%2Fwp%2Fv2%2Fproduct_tag&post=7080"}],"curies":[{"name":"wp","href":"https:\/\/api.w.org\/{rel}","templated":true}]}}