{"id":7099,"date":"2021-05-26T18:32:11","date_gmt":"2021-05-26T21:32:11","guid":{"rendered":"http:\/\/promoalge.com.br\/?post_type=product&#038;p=7099"},"modified":"2021-05-26T18:32:11","modified_gmt":"2021-05-26T21:32:11","slug":"kit-ferramentas-20-pecas-pr13349","status":"publish","type":"product","link":"https:\/\/promoalge.com.br\/?product=kit-ferramentas-20-pecas-pr13349","title":{"rendered":"Kit Ferramentas 20 Pe\u00e7as &#8211; PR13349"},"content":{"rendered":"","protected":false},"excerpt":{"rendered":"<p>Kit ferramenta 20 pe\u00e7as com estojo formato pneu em pl\u00e1stico resistente. Pneu preto com aro prata, possui trava lateral. Cont\u00e9m: 2 mini chaves de fenda e 2 mini chaves phillips, estilete, 4 extensores bocais(7MM, 8MM, 9MM e 10MM), chave canh\u00e3o e conjunto 10 pontas(4 chaves phillips, 2 chaves fenda, 3 chaves torx e um adaptador), medidas 13,1 cm x 13,1 cm x 4,9 cm. Grava\u00e7\u00e3o serigrafia em 1 cor .<\/p>\n<ul>\n<li>M\u00ednimo 50 unidades.<\/li>\n<\/ul>\n","protected":false},"featured_media":7104,"template":"","meta":[],"product_brand":[],"product_cat":[411],"product_tag":[],"class_list":{"0":"post-7099","1":"product","2":"type-product","3":"status-publish","4":"has-post-thumbnail","6":"product_cat-ferramentas","8":"first","9":"instock","10":"shipping-taxable","11":"product-type-simple"},"_links":{"self":[{"href":"https:\/\/promoalge.com.br\/index.php?rest_route=\/wp\/v2\/product\/7099","targetHints":{"allow":["GET"]}}],"collection":[{"href":"https:\/\/promoalge.com.br\/index.php?rest_route=\/wp\/v2\/product"}],"about":[{"href":"https:\/\/promoalge.com.br\/index.php?rest_route=\/wp\/v2\/types\/product"}],"wp:featuredmedia":[{"embeddable":true,"href":"https:\/\/promoalge.com.br\/index.php?rest_route=\/wp\/v2\/media\/7104"}],"wp:attachment":[{"href":"https:\/\/promoalge.com.br\/index.php?rest_route=%2Fwp%2Fv2%2Fmedia&parent=7099"}],"wp:term":[{"taxonomy":"product_brand","embeddable":true,"href":"https:\/\/promoalge.com.br\/index.php?rest_route=%2Fwp%2Fv2%2Fproduct_brand&post=7099"},{"taxonomy":"product_cat","embeddable":true,"href":"https:\/\/promoalge.com.br\/index.php?rest_route=%2Fwp%2Fv2%2Fproduct_cat&post=7099"},{"taxonomy":"product_tag","embeddable":true,"href":"https:\/\/promoalge.com.br\/index.php?rest_route=%2Fwp%2Fv2%2Fproduct_tag&post=7099"}],"curies":[{"name":"wp","href":"https:\/\/api.w.org\/{rel}","templated":true}]}}