{"id":7105,"date":"2021-05-26T18:43:03","date_gmt":"2021-05-26T21:43:03","guid":{"rendered":"http:\/\/promoalge.com.br\/?post_type=product&#038;p=7105"},"modified":"2025-08-12T16:53:47","modified_gmt":"2025-08-12T19:53:47","slug":"kit-ferramentas-8-pecas-pr14011","status":"publish","type":"product","link":"https:\/\/promoalge.com.br\/?product=kit-ferramentas-8-pecas-pr14011","title":{"rendered":"Kit Ferramentas 8 Pe\u00e7as &#8211; PR14011"},"content":{"rendered":"","protected":false},"excerpt":{"rendered":"<p>Kit ferramenta 8 pe\u00e7as em estojo pl\u00e1stico. Maleta pl\u00e1stica com detalhe retangular no centro frontal e verso liso, possui texturiza\u00e7\u00e3o no estojo e duas travas superiores. Acompanha: fita isolante, martelo, alicate, chave Philips, chave teste, chave de fenda, trena 2 metros e estilete.<\/p>\n<p>Medidas:<br \/>\nAltura : 17,6 cm<br \/>\nLargura : 24,8 cm<br \/>\nEspessura : 5,5 cm<\/p>\n<p>Grava\u00e7\u00e3o serigrafia em 1 cor.<\/p>\n<ul>\n<li>M\u00ednimo 50 unidades.<\/li>\n<\/ul>\n","protected":false},"featured_media":7109,"template":"","meta":[],"product_brand":[],"product_cat":[411],"product_tag":[],"class_list":{"0":"post-7105","1":"product","2":"type-product","3":"status-publish","4":"has-post-thumbnail","6":"product_cat-ferramentas","8":"first","9":"instock","10":"shipping-taxable","11":"product-type-simple"},"_links":{"self":[{"href":"https:\/\/promoalge.com.br\/index.php?rest_route=\/wp\/v2\/product\/7105","targetHints":{"allow":["GET"]}}],"collection":[{"href":"https:\/\/promoalge.com.br\/index.php?rest_route=\/wp\/v2\/product"}],"about":[{"href":"https:\/\/promoalge.com.br\/index.php?rest_route=\/wp\/v2\/types\/product"}],"wp:featuredmedia":[{"embeddable":true,"href":"https:\/\/promoalge.com.br\/index.php?rest_route=\/wp\/v2\/media\/7109"}],"wp:attachment":[{"href":"https:\/\/promoalge.com.br\/index.php?rest_route=%2Fwp%2Fv2%2Fmedia&parent=7105"}],"wp:term":[{"taxonomy":"product_brand","embeddable":true,"href":"https:\/\/promoalge.com.br\/index.php?rest_route=%2Fwp%2Fv2%2Fproduct_brand&post=7105"},{"taxonomy":"product_cat","embeddable":true,"href":"https:\/\/promoalge.com.br\/index.php?rest_route=%2Fwp%2Fv2%2Fproduct_cat&post=7105"},{"taxonomy":"product_tag","embeddable":true,"href":"https:\/\/promoalge.com.br\/index.php?rest_route=%2Fwp%2Fv2%2Fproduct_tag&post=7105"}],"curies":[{"name":"wp","href":"https:\/\/api.w.org\/{rel}","templated":true}]}}