{"id":7164,"date":"2021-06-16T16:11:49","date_gmt":"2021-06-16T19:11:49","guid":{"rendered":"http:\/\/promoalge.com.br\/?post_type=product&#038;p=7164"},"modified":"2025-08-12T16:53:40","modified_gmt":"2025-08-12T19:53:40","slug":"kit-ferramentas-lanterna-pr319","status":"publish","type":"product","link":"https:\/\/promoalge.com.br\/?product=kit-ferramentas-lanterna-pr319","title":{"rendered":"Kit Ferramentas Lanterna &#8211; PR319"},"content":{"rendered":"","protected":false},"excerpt":{"rendered":"<p>Kit ferramenta 24 pe\u00e7as em estojo pl\u00e1stico com lanterna. Possui extensor para chave de boca, chave com catraca revers\u00edvel, conjunto com 8 extensores bocais(5MM, 6MM, 7MM, 8MM, 9MM, 10MM, 11MM E 12MM), 2 mini chaves fenda, 2 mini chaves Philips e conjunto com 10 pontas(3 chaves fenda, 3 chaves phillips, 3 chaves torx e um adaptador). Lanterna utiliza 4 pilhas AA(n\u00e3o acompanha), possui bot\u00e3o liga\/desliga na al\u00e7a do estojo.<br \/>\nMedidas:<br \/>\nAltura : 9,5 cm;<br \/>\nLargura : 12,9 cm;<br \/>\nComprimento : 20 cm;<\/p>\n<p>Grava\u00e7\u00e3o serigrafia em 1 cor.<\/p>\n<ul>\n<li>M\u00ednimo 50 unidades.<\/li>\n<\/ul>\n","protected":false},"featured_media":7172,"template":"","meta":[],"product_brand":[],"product_cat":[411],"product_tag":[],"class_list":{"0":"post-7164","1":"product","2":"type-product","3":"status-publish","4":"has-post-thumbnail","6":"product_cat-ferramentas","8":"first","9":"instock","10":"shipping-taxable","11":"product-type-simple"},"_links":{"self":[{"href":"https:\/\/promoalge.com.br\/index.php?rest_route=\/wp\/v2\/product\/7164","targetHints":{"allow":["GET"]}}],"collection":[{"href":"https:\/\/promoalge.com.br\/index.php?rest_route=\/wp\/v2\/product"}],"about":[{"href":"https:\/\/promoalge.com.br\/index.php?rest_route=\/wp\/v2\/types\/product"}],"wp:featuredmedia":[{"embeddable":true,"href":"https:\/\/promoalge.com.br\/index.php?rest_route=\/wp\/v2\/media\/7172"}],"wp:attachment":[{"href":"https:\/\/promoalge.com.br\/index.php?rest_route=%2Fwp%2Fv2%2Fmedia&parent=7164"}],"wp:term":[{"taxonomy":"product_brand","embeddable":true,"href":"https:\/\/promoalge.com.br\/index.php?rest_route=%2Fwp%2Fv2%2Fproduct_brand&post=7164"},{"taxonomy":"product_cat","embeddable":true,"href":"https:\/\/promoalge.com.br\/index.php?rest_route=%2Fwp%2Fv2%2Fproduct_cat&post=7164"},{"taxonomy":"product_tag","embeddable":true,"href":"https:\/\/promoalge.com.br\/index.php?rest_route=%2Fwp%2Fv2%2Fproduct_tag&post=7164"}],"curies":[{"name":"wp","href":"https:\/\/api.w.org\/{rel}","templated":true}]}}