{"id":7173,"date":"2021-06-16T16:20:03","date_gmt":"2021-06-16T19:20:03","guid":{"rendered":"http:\/\/promoalge.com.br\/?post_type=product&#038;p=7173"},"modified":"2021-06-16T16:20:03","modified_gmt":"2021-06-16T19:20:03","slug":"kit-ferramentas-com-lanterna-pr3085","status":"publish","type":"product","link":"https:\/\/promoalge.com.br\/?product=kit-ferramentas-com-lanterna-pr3085","title":{"rendered":"Kit Ferramentas com Lanterna &#8211; PR3085"},"content":{"rendered":"","protected":false},"excerpt":{"rendered":"<p>Kit ferramenta pl\u00e1stico com 6 pe\u00e7as e lanterna. Corpo fosco colorido, parte superior detalhe prata com suporte para as chaves e prendedor, lanterna e bot\u00e3o superior lateral para acender\/apagar lanterna. Possui 3 chaves Philips e 3 chaves fenda, acompanha 3 baterias AG3. Chaves ficam em compartimento interno, basta pressionar a parte traseira que ir\u00e1 abrir uma esp\u00e9cie de \u201cgaveta\u201d, medidas (CxL): 9,8 cm x 3,4 cm. Grava\u00e7\u00e3o serigrafia em 1 cor.<\/p>\n<ul>\n<li>M\u00ednimo 100 unidades.<\/li>\n<\/ul>\n","protected":false},"featured_media":7174,"template":"","meta":[],"product_brand":[],"product_cat":[411],"product_tag":[],"class_list":{"0":"post-7173","1":"product","2":"type-product","3":"status-publish","4":"has-post-thumbnail","6":"product_cat-ferramentas","8":"first","9":"instock","10":"shipping-taxable","11":"product-type-simple"},"_links":{"self":[{"href":"https:\/\/promoalge.com.br\/index.php?rest_route=\/wp\/v2\/product\/7173","targetHints":{"allow":["GET"]}}],"collection":[{"href":"https:\/\/promoalge.com.br\/index.php?rest_route=\/wp\/v2\/product"}],"about":[{"href":"https:\/\/promoalge.com.br\/index.php?rest_route=\/wp\/v2\/types\/product"}],"wp:featuredmedia":[{"embeddable":true,"href":"https:\/\/promoalge.com.br\/index.php?rest_route=\/wp\/v2\/media\/7174"}],"wp:attachment":[{"href":"https:\/\/promoalge.com.br\/index.php?rest_route=%2Fwp%2Fv2%2Fmedia&parent=7173"}],"wp:term":[{"taxonomy":"product_brand","embeddable":true,"href":"https:\/\/promoalge.com.br\/index.php?rest_route=%2Fwp%2Fv2%2Fproduct_brand&post=7173"},{"taxonomy":"product_cat","embeddable":true,"href":"https:\/\/promoalge.com.br\/index.php?rest_route=%2Fwp%2Fv2%2Fproduct_cat&post=7173"},{"taxonomy":"product_tag","embeddable":true,"href":"https:\/\/promoalge.com.br\/index.php?rest_route=%2Fwp%2Fv2%2Fproduct_tag&post=7173"}],"curies":[{"name":"wp","href":"https:\/\/api.w.org\/{rel}","templated":true}]}}