{"id":7178,"date":"2021-06-16T16:32:26","date_gmt":"2021-06-16T19:32:26","guid":{"rendered":"http:\/\/promoalge.com.br\/?post_type=product&#038;p=7178"},"modified":"2021-06-16T16:32:26","modified_gmt":"2021-06-16T19:32:26","slug":"kit-ferramentas-com-lanterna-24-pecas-pr3150","status":"publish","type":"product","link":"https:\/\/promoalge.com.br\/?product=kit-ferramentas-com-lanterna-24-pecas-pr3150","title":{"rendered":"Kit Ferramentas com Lanterna 24 Pe\u00e7as &#8211; PR3150"},"content":{"rendered":"","protected":false},"excerpt":{"rendered":"<p>Kit ferramenta pl\u00e1stico com 24 pe\u00e7as e lanterna. Material pl\u00e1stico com al\u00e7a, possui bot\u00e3o superior para ligar\/desligar lanterna, trava de seguran\u00e7a, possui um \u201cX\u201d em relevo em ambas laterais. Possui adaptador de chave de boca, catraca revers\u00edvel, 8 extensores bocais(5MM, 6MM, 7MM, 8MM, 9MM, 10MM, 11MM e 12MM), 2 mini chaves Philips, 2 mini chaves de fenda e conjunto 10 pontas(4 chaves phillips, 3 chaves fenda, 2 chaves torx e um adaptador). Possui compartimento lateral para encaixe de 4 pilhas AA(n\u00e3o companha), ,medidas (CxL): 20 cm x 12,8 cm x 4,7 cm. Grava\u00e7\u00e3o serigrafia em 1 cor.<\/p>\n<ul>\n<li>M\u00ednimo 50 unidades.<\/li>\n<\/ul>\n","protected":false},"featured_media":7185,"template":"","meta":[],"product_brand":[],"product_cat":[411],"product_tag":[],"class_list":{"0":"post-7178","1":"product","2":"type-product","3":"status-publish","4":"has-post-thumbnail","6":"product_cat-ferramentas","8":"first","9":"instock","10":"shipping-taxable","11":"product-type-simple"},"_links":{"self":[{"href":"https:\/\/promoalge.com.br\/index.php?rest_route=\/wp\/v2\/product\/7178","targetHints":{"allow":["GET"]}}],"collection":[{"href":"https:\/\/promoalge.com.br\/index.php?rest_route=\/wp\/v2\/product"}],"about":[{"href":"https:\/\/promoalge.com.br\/index.php?rest_route=\/wp\/v2\/types\/product"}],"wp:featuredmedia":[{"embeddable":true,"href":"https:\/\/promoalge.com.br\/index.php?rest_route=\/wp\/v2\/media\/7185"}],"wp:attachment":[{"href":"https:\/\/promoalge.com.br\/index.php?rest_route=%2Fwp%2Fv2%2Fmedia&parent=7178"}],"wp:term":[{"taxonomy":"product_brand","embeddable":true,"href":"https:\/\/promoalge.com.br\/index.php?rest_route=%2Fwp%2Fv2%2Fproduct_brand&post=7178"},{"taxonomy":"product_cat","embeddable":true,"href":"https:\/\/promoalge.com.br\/index.php?rest_route=%2Fwp%2Fv2%2Fproduct_cat&post=7178"},{"taxonomy":"product_tag","embeddable":true,"href":"https:\/\/promoalge.com.br\/index.php?rest_route=%2Fwp%2Fv2%2Fproduct_tag&post=7178"}],"curies":[{"name":"wp","href":"https:\/\/api.w.org\/{rel}","templated":true}]}}