{"id":7204,"date":"2021-06-16T17:07:48","date_gmt":"2021-06-16T20:07:48","guid":{"rendered":"http:\/\/promoalge.com.br\/?post_type=product&#038;p=7204"},"modified":"2021-06-16T17:07:48","modified_gmt":"2021-06-16T20:07:48","slug":"kit-ferramenta-moto-21-pecas-com-lanterna-pr3364","status":"publish","type":"product","link":"https:\/\/promoalge.com.br\/?product=kit-ferramenta-moto-21-pecas-com-lanterna-pr3364","title":{"rendered":"Kit Ferramenta Moto 21 Pe\u00e7as com Lanterna &#8211; PR3364"},"content":{"rendered":"","protected":false},"excerpt":{"rendered":"<p>Kit ferramenta 21 pe\u00e7as em estojo pl\u00e1stico formato moto com lanterna. Estojo preto com \u00e1rea lisa personaliza\u00e7\u00e3o em ambos lados, aros com detalhe em prata, possui: lanterna com bot\u00e3o liga\/desliga, adaptador chave de boca, chave canh\u00e3o, conjunto 10 pontas(4 chaves phillips, 2 chaves fenda, 3 chaves torx e um adaptador), 4 extensores bocais(7MM, 8MM, 9MM e 10MM), 2 mini chave fenda, 2 mini chave Philips e trena 1 metro sem trava. Acompanha 4 baterias LR44.<br \/>\nMedidas:<br \/>\nAltura : 12 cm;<br \/>\nLargura : 4,6 cm;<br \/>\nComprimento : 20,2 cm;<\/p>\n<p>Grava\u00e7\u00e3o serigrafia em 1 cor.<\/p>\n","protected":false},"featured_media":7209,"template":"","meta":[],"product_brand":[],"product_cat":[411],"product_tag":[],"class_list":{"0":"post-7204","1":"product","2":"type-product","3":"status-publish","4":"has-post-thumbnail","6":"product_cat-ferramentas","8":"first","9":"instock","10":"shipping-taxable","11":"product-type-simple"},"_links":{"self":[{"href":"https:\/\/promoalge.com.br\/index.php?rest_route=\/wp\/v2\/product\/7204","targetHints":{"allow":["GET"]}}],"collection":[{"href":"https:\/\/promoalge.com.br\/index.php?rest_route=\/wp\/v2\/product"}],"about":[{"href":"https:\/\/promoalge.com.br\/index.php?rest_route=\/wp\/v2\/types\/product"}],"wp:featuredmedia":[{"embeddable":true,"href":"https:\/\/promoalge.com.br\/index.php?rest_route=\/wp\/v2\/media\/7209"}],"wp:attachment":[{"href":"https:\/\/promoalge.com.br\/index.php?rest_route=%2Fwp%2Fv2%2Fmedia&parent=7204"}],"wp:term":[{"taxonomy":"product_brand","embeddable":true,"href":"https:\/\/promoalge.com.br\/index.php?rest_route=%2Fwp%2Fv2%2Fproduct_brand&post=7204"},{"taxonomy":"product_cat","embeddable":true,"href":"https:\/\/promoalge.com.br\/index.php?rest_route=%2Fwp%2Fv2%2Fproduct_cat&post=7204"},{"taxonomy":"product_tag","embeddable":true,"href":"https:\/\/promoalge.com.br\/index.php?rest_route=%2Fwp%2Fv2%2Fproduct_tag&post=7204"}],"curies":[{"name":"wp","href":"https:\/\/api.w.org\/{rel}","templated":true}]}}