{"id":7211,"date":"2021-06-25T14:14:01","date_gmt":"2021-06-25T17:14:01","guid":{"rendered":"http:\/\/promoalge.com.br\/?post_type=product&#038;p=7211"},"modified":"2021-06-25T14:14:02","modified_gmt":"2021-06-25T17:14:02","slug":"relogio-de-mesa-pr140924","status":"publish","type":"product","link":"https:\/\/promoalge.com.br\/?product=relogio-de-mesa-pr140924","title":{"rendered":"Rel\u00f3gio de Mesa &#8211; PR140924"},"content":{"rendered":"","protected":false},"excerpt":{"rendered":"<p>Rel\u00f3gio de mesa digital produzido em pl\u00e1stico, com multifuncionalidade, medidas 9.5x8x2.5. Grava\u00e7\u00e3o serigrafia em 1 cor.<\/p>\n","protected":false},"featured_media":7212,"template":"","meta":[],"product_brand":[],"product_cat":[353,409],"product_tag":[],"class_list":{"0":"post-7211","1":"product","2":"type-product","3":"status-publish","4":"has-post-thumbnail","6":"product_cat-diversos","7":"product_cat-escritorio","9":"first","10":"instock","11":"shipping-taxable","12":"product-type-simple"},"_links":{"self":[{"href":"https:\/\/promoalge.com.br\/index.php?rest_route=\/wp\/v2\/product\/7211","targetHints":{"allow":["GET"]}}],"collection":[{"href":"https:\/\/promoalge.com.br\/index.php?rest_route=\/wp\/v2\/product"}],"about":[{"href":"https:\/\/promoalge.com.br\/index.php?rest_route=\/wp\/v2\/types\/product"}],"wp:featuredmedia":[{"embeddable":true,"href":"https:\/\/promoalge.com.br\/index.php?rest_route=\/wp\/v2\/media\/7212"}],"wp:attachment":[{"href":"https:\/\/promoalge.com.br\/index.php?rest_route=%2Fwp%2Fv2%2Fmedia&parent=7211"}],"wp:term":[{"taxonomy":"product_brand","embeddable":true,"href":"https:\/\/promoalge.com.br\/index.php?rest_route=%2Fwp%2Fv2%2Fproduct_brand&post=7211"},{"taxonomy":"product_cat","embeddable":true,"href":"https:\/\/promoalge.com.br\/index.php?rest_route=%2Fwp%2Fv2%2Fproduct_cat&post=7211"},{"taxonomy":"product_tag","embeddable":true,"href":"https:\/\/promoalge.com.br\/index.php?rest_route=%2Fwp%2Fv2%2Fproduct_tag&post=7211"}],"curies":[{"name":"wp","href":"https:\/\/api.w.org\/{rel}","templated":true}]}}