{"id":7296,"date":"2021-08-09T16:03:39","date_gmt":"2021-08-09T19:03:39","guid":{"rendered":"http:\/\/promoalge.com.br\/?post_type=product&#038;p=7296"},"modified":"2021-08-09T16:03:40","modified_gmt":"2021-08-09T19:03:40","slug":"caderno-de-anotacoes-pr93709","status":"publish","type":"product","link":"https:\/\/promoalge.com.br\/?product=caderno-de-anotacoes-pr93709","title":{"rendered":"Caderno de Anota\u00e7\u00f5es &#8211; PR93709"},"content":{"rendered":"","protected":false},"excerpt":{"rendered":"<p>Caderno de anota\u00e7\u00f5es com 80 folhas n\u00e3o pautadas de papel reciclado, medidas 10 x 14 cm. Grava\u00e7\u00e3o serigrafia em 1 cor.<\/p>\n<ul>\n<li>M\u00ednimo 100 unidades.<\/li>\n<\/ul>\n","protected":false},"featured_media":7297,"template":"","meta":[],"product_brand":[],"product_cat":[409,321],"product_tag":[],"class_list":{"0":"post-7296","1":"product","2":"type-product","3":"status-publish","4":"has-post-thumbnail","6":"product_cat-escritorio","7":"product_cat-linha-ecologica","9":"first","10":"instock","11":"shipping-taxable","12":"product-type-simple"},"_links":{"self":[{"href":"https:\/\/promoalge.com.br\/index.php?rest_route=\/wp\/v2\/product\/7296","targetHints":{"allow":["GET"]}}],"collection":[{"href":"https:\/\/promoalge.com.br\/index.php?rest_route=\/wp\/v2\/product"}],"about":[{"href":"https:\/\/promoalge.com.br\/index.php?rest_route=\/wp\/v2\/types\/product"}],"wp:featuredmedia":[{"embeddable":true,"href":"https:\/\/promoalge.com.br\/index.php?rest_route=\/wp\/v2\/media\/7297"}],"wp:attachment":[{"href":"https:\/\/promoalge.com.br\/index.php?rest_route=%2Fwp%2Fv2%2Fmedia&parent=7296"}],"wp:term":[{"taxonomy":"product_brand","embeddable":true,"href":"https:\/\/promoalge.com.br\/index.php?rest_route=%2Fwp%2Fv2%2Fproduct_brand&post=7296"},{"taxonomy":"product_cat","embeddable":true,"href":"https:\/\/promoalge.com.br\/index.php?rest_route=%2Fwp%2Fv2%2Fproduct_cat&post=7296"},{"taxonomy":"product_tag","embeddable":true,"href":"https:\/\/promoalge.com.br\/index.php?rest_route=%2Fwp%2Fv2%2Fproduct_tag&post=7296"}],"curies":[{"name":"wp","href":"https:\/\/api.w.org\/{rel}","templated":true}]}}