{"id":7309,"date":"2021-08-17T16:34:03","date_gmt":"2021-08-17T19:34:03","guid":{"rendered":"http:\/\/promoalge.com.br\/?post_type=product&#038;p=7309"},"modified":"2021-08-17T16:34:04","modified_gmt":"2021-08-17T19:34:04","slug":"risque-rabisque-pr12659","status":"publish","type":"product","link":"https:\/\/promoalge.com.br\/?product=risque-rabisque-pr12659","title":{"rendered":"Risque Rabisque &#8211; PR12659"},"content":{"rendered":"","protected":false},"excerpt":{"rendered":"<p>Risque e rabisque em sint\u00e9tico, acompanha uma folha de sulfite A4, medidas (CxL): 32 cm x 24 cm. Grava\u00e7\u00e3o serigrafia em 1 cor.<\/p>\n<ul>\n<li>M\u00ednimo 100 unidades.<\/li>\n<\/ul>\n","protected":false},"featured_media":7310,"template":"","meta":[],"product_brand":[],"product_cat":[408,353],"product_tag":[],"class_list":{"0":"post-7309","1":"product","2":"type-product","3":"status-publish","4":"has-post-thumbnail","6":"product_cat-couro","7":"product_cat-diversos","9":"first","10":"instock","11":"shipping-taxable","12":"product-type-simple"},"_links":{"self":[{"href":"https:\/\/promoalge.com.br\/index.php?rest_route=\/wp\/v2\/product\/7309","targetHints":{"allow":["GET"]}}],"collection":[{"href":"https:\/\/promoalge.com.br\/index.php?rest_route=\/wp\/v2\/product"}],"about":[{"href":"https:\/\/promoalge.com.br\/index.php?rest_route=\/wp\/v2\/types\/product"}],"wp:featuredmedia":[{"embeddable":true,"href":"https:\/\/promoalge.com.br\/index.php?rest_route=\/wp\/v2\/media\/7310"}],"wp:attachment":[{"href":"https:\/\/promoalge.com.br\/index.php?rest_route=%2Fwp%2Fv2%2Fmedia&parent=7309"}],"wp:term":[{"taxonomy":"product_brand","embeddable":true,"href":"https:\/\/promoalge.com.br\/index.php?rest_route=%2Fwp%2Fv2%2Fproduct_brand&post=7309"},{"taxonomy":"product_cat","embeddable":true,"href":"https:\/\/promoalge.com.br\/index.php?rest_route=%2Fwp%2Fv2%2Fproduct_cat&post=7309"},{"taxonomy":"product_tag","embeddable":true,"href":"https:\/\/promoalge.com.br\/index.php?rest_route=%2Fwp%2Fv2%2Fproduct_tag&post=7309"}],"curies":[{"name":"wp","href":"https:\/\/api.w.org\/{rel}","templated":true}]}}