{"id":7312,"date":"2021-08-18T18:05:48","date_gmt":"2021-08-18T21:05:48","guid":{"rendered":"http:\/\/promoalge.com.br\/?post_type=product&#038;p=7312"},"modified":"2021-08-18T18:05:49","modified_gmt":"2021-08-18T21:05:49","slug":"pasta-pr92067","status":"publish","type":"product","link":"https:\/\/promoalge.com.br\/?product=pasta-pr92067","title":{"rendered":"Pasta &#8211; PR92067"},"content":{"rendered":"","protected":false},"excerpt":{"rendered":"<p>Pasta tamanho A4, produzida em sint\u00e9tico e 800D poli\u00e9ster, possui interior em microfibra e bloco com 20 folhas pautadas, medidas 245 x 315 x 15 mm. Grava\u00e7\u00e3o a laser.<\/p>\n<ul>\n<li>M\u00ednimo 50 pe\u00e7as.<\/li>\n<\/ul>\n","protected":false},"featured_media":7314,"template":"","meta":[],"product_brand":[],"product_cat":[353,409,410],"product_tag":[],"class_list":{"0":"post-7312","1":"product","2":"type-product","3":"status-publish","4":"has-post-thumbnail","6":"product_cat-diversos","7":"product_cat-escritorio","8":"product_cat-eventos-pastas-pvc","10":"first","11":"instock","12":"shipping-taxable","13":"product-type-simple"},"_links":{"self":[{"href":"https:\/\/promoalge.com.br\/index.php?rest_route=\/wp\/v2\/product\/7312","targetHints":{"allow":["GET"]}}],"collection":[{"href":"https:\/\/promoalge.com.br\/index.php?rest_route=\/wp\/v2\/product"}],"about":[{"href":"https:\/\/promoalge.com.br\/index.php?rest_route=\/wp\/v2\/types\/product"}],"wp:featuredmedia":[{"embeddable":true,"href":"https:\/\/promoalge.com.br\/index.php?rest_route=\/wp\/v2\/media\/7314"}],"wp:attachment":[{"href":"https:\/\/promoalge.com.br\/index.php?rest_route=%2Fwp%2Fv2%2Fmedia&parent=7312"}],"wp:term":[{"taxonomy":"product_brand","embeddable":true,"href":"https:\/\/promoalge.com.br\/index.php?rest_route=%2Fwp%2Fv2%2Fproduct_brand&post=7312"},{"taxonomy":"product_cat","embeddable":true,"href":"https:\/\/promoalge.com.br\/index.php?rest_route=%2Fwp%2Fv2%2Fproduct_cat&post=7312"},{"taxonomy":"product_tag","embeddable":true,"href":"https:\/\/promoalge.com.br\/index.php?rest_route=%2Fwp%2Fv2%2Fproduct_tag&post=7312"}],"curies":[{"name":"wp","href":"https:\/\/api.w.org\/{rel}","templated":true}]}}