{"id":732,"date":"2018-06-19T14:14:53","date_gmt":"2018-06-19T17:14:53","guid":{"rendered":"http:\/\/promoalge.com.br\/?post_type=product&#038;p=732"},"modified":"2020-04-01T20:00:08","modified_gmt":"2020-04-01T23:00:08","slug":"kit-caneta-e-molesquine-a6-639001b","status":"publish","type":"product","link":"https:\/\/promoalge.com.br\/?product=kit-caneta-e-molesquine-a6-639001b","title":{"rendered":"Kit Caneta e Molesquine &#8211; A6-6+39001B"},"content":{"rendered":"","protected":false},"excerpt":{"rendered":"<p>Kit incluso molesquine medidas 9&#215;14 cm, com 80 folhas pautadas e caneta met\u00e1lica. Incluso embalagem com ber\u00e7o para os itens. Grava\u00e7\u00e3o baixo relevo na molesquine e laser na caneta.<\/p>\n","protected":false},"featured_media":5112,"template":"","meta":[],"product_brand":[],"product_cat":[407],"product_tag":[],"class_list":{"0":"post-732","1":"product","2":"type-product","3":"status-publish","4":"has-post-thumbnail","6":"product_cat-conjuntos","8":"first","9":"instock","10":"shipping-taxable","11":"product-type-simple"},"_links":{"self":[{"href":"https:\/\/promoalge.com.br\/index.php?rest_route=\/wp\/v2\/product\/732","targetHints":{"allow":["GET"]}}],"collection":[{"href":"https:\/\/promoalge.com.br\/index.php?rest_route=\/wp\/v2\/product"}],"about":[{"href":"https:\/\/promoalge.com.br\/index.php?rest_route=\/wp\/v2\/types\/product"}],"wp:featuredmedia":[{"embeddable":true,"href":"https:\/\/promoalge.com.br\/index.php?rest_route=\/wp\/v2\/media\/5112"}],"wp:attachment":[{"href":"https:\/\/promoalge.com.br\/index.php?rest_route=%2Fwp%2Fv2%2Fmedia&parent=732"}],"wp:term":[{"taxonomy":"product_brand","embeddable":true,"href":"https:\/\/promoalge.com.br\/index.php?rest_route=%2Fwp%2Fv2%2Fproduct_brand&post=732"},{"taxonomy":"product_cat","embeddable":true,"href":"https:\/\/promoalge.com.br\/index.php?rest_route=%2Fwp%2Fv2%2Fproduct_cat&post=732"},{"taxonomy":"product_tag","embeddable":true,"href":"https:\/\/promoalge.com.br\/index.php?rest_route=%2Fwp%2Fv2%2Fproduct_tag&post=732"}],"curies":[{"name":"wp","href":"https:\/\/api.w.org\/{rel}","templated":true}]}}