{"id":7320,"date":"2021-08-18T18:13:16","date_gmt":"2021-08-18T21:13:16","guid":{"rendered":"http:\/\/promoalge.com.br\/?post_type=product&#038;p=7320"},"modified":"2021-08-18T18:13:17","modified_gmt":"2021-08-18T21:13:17","slug":"caixa-de-som-pr57936","status":"publish","type":"product","link":"https:\/\/promoalge.com.br\/?product=caixa-de-som-pr57936","title":{"rendered":"Caixa de Som &#8211; PR57936"},"content":{"rendered":"","protected":false},"excerpt":{"rendered":"<p>Caixa de som port\u00e1til em fibra de palha de trigo e pl\u00e1stico com al\u00e7a em silicone para facilitar o transporte, pot\u00eancia de 3W e transmiss\u00e3o por bluetooth 5.0. Tempo de reprodu\u00e7\u00e3o de 4h30, com uma bateria de 500 mAh. Incluso cabo micro USB, medidas. 70 x 70 x 34 mm. Grava\u00e7\u00e3o serigrafia em 1 cor.<\/p>\n<ul>\n<li>M\u00ednimo 50 unidades.<\/li>\n<\/ul>\n","protected":false},"featured_media":7321,"template":"","meta":[],"product_brand":[],"product_cat":[417],"product_tag":[],"class_list":{"0":"post-7320","1":"product","2":"type-product","3":"status-publish","4":"has-post-thumbnail","6":"product_cat-pendrive-tecnologia","8":"first","9":"instock","10":"shipping-taxable","11":"product-type-simple"},"_links":{"self":[{"href":"https:\/\/promoalge.com.br\/index.php?rest_route=\/wp\/v2\/product\/7320","targetHints":{"allow":["GET"]}}],"collection":[{"href":"https:\/\/promoalge.com.br\/index.php?rest_route=\/wp\/v2\/product"}],"about":[{"href":"https:\/\/promoalge.com.br\/index.php?rest_route=\/wp\/v2\/types\/product"}],"wp:featuredmedia":[{"embeddable":true,"href":"https:\/\/promoalge.com.br\/index.php?rest_route=\/wp\/v2\/media\/7321"}],"wp:attachment":[{"href":"https:\/\/promoalge.com.br\/index.php?rest_route=%2Fwp%2Fv2%2Fmedia&parent=7320"}],"wp:term":[{"taxonomy":"product_brand","embeddable":true,"href":"https:\/\/promoalge.com.br\/index.php?rest_route=%2Fwp%2Fv2%2Fproduct_brand&post=7320"},{"taxonomy":"product_cat","embeddable":true,"href":"https:\/\/promoalge.com.br\/index.php?rest_route=%2Fwp%2Fv2%2Fproduct_cat&post=7320"},{"taxonomy":"product_tag","embeddable":true,"href":"https:\/\/promoalge.com.br\/index.php?rest_route=%2Fwp%2Fv2%2Fproduct_tag&post=7320"}],"curies":[{"name":"wp","href":"https:\/\/api.w.org\/{rel}","templated":true}]}}