{"id":7329,"date":"2021-08-18T18:18:26","date_gmt":"2021-08-18T21:18:26","guid":{"rendered":"http:\/\/promoalge.com.br\/?post_type=product&#038;p=7329"},"modified":"2021-08-18T18:18:27","modified_gmt":"2021-08-18T21:18:27","slug":"relogio-de-mesa-pr57390","status":"publish","type":"product","link":"https:\/\/promoalge.com.br\/?product=relogio-de-mesa-pr57390","title":{"rendered":"Rel\u00f3gio de Mesa &#8211; PR57390"},"content":{"rendered":"","protected":false},"excerpt":{"rendered":"<p>Rel\u00f3gio produzido em MDF com calend\u00e1rio, alarme e term\u00f4metro, incluso 4 pilhas AAA, 1 pilha CR2032 e cabo USB, medidas 150 x 70 x 44 mm . Grava\u00e7\u00e3o serigrafia em 1 cor.<\/p>\n<ul>\n<li>M\u00ednimo 50 unidades.<\/li>\n<\/ul>\n","protected":false},"featured_media":7331,"template":"","meta":[],"product_brand":[],"product_cat":[353,409,417],"product_tag":[],"class_list":{"0":"post-7329","1":"product","2":"type-product","3":"status-publish","4":"has-post-thumbnail","6":"product_cat-diversos","7":"product_cat-escritorio","8":"product_cat-pendrive-tecnologia","10":"first","11":"instock","12":"shipping-taxable","13":"product-type-simple"},"_links":{"self":[{"href":"https:\/\/promoalge.com.br\/index.php?rest_route=\/wp\/v2\/product\/7329","targetHints":{"allow":["GET"]}}],"collection":[{"href":"https:\/\/promoalge.com.br\/index.php?rest_route=\/wp\/v2\/product"}],"about":[{"href":"https:\/\/promoalge.com.br\/index.php?rest_route=\/wp\/v2\/types\/product"}],"wp:featuredmedia":[{"embeddable":true,"href":"https:\/\/promoalge.com.br\/index.php?rest_route=\/wp\/v2\/media\/7331"}],"wp:attachment":[{"href":"https:\/\/promoalge.com.br\/index.php?rest_route=%2Fwp%2Fv2%2Fmedia&parent=7329"}],"wp:term":[{"taxonomy":"product_brand","embeddable":true,"href":"https:\/\/promoalge.com.br\/index.php?rest_route=%2Fwp%2Fv2%2Fproduct_brand&post=7329"},{"taxonomy":"product_cat","embeddable":true,"href":"https:\/\/promoalge.com.br\/index.php?rest_route=%2Fwp%2Fv2%2Fproduct_cat&post=7329"},{"taxonomy":"product_tag","embeddable":true,"href":"https:\/\/promoalge.com.br\/index.php?rest_route=%2Fwp%2Fv2%2Fproduct_tag&post=7329"}],"curies":[{"name":"wp","href":"https:\/\/api.w.org\/{rel}","templated":true}]}}