{"id":7359,"date":"2021-08-19T18:11:15","date_gmt":"2021-08-19T21:11:15","guid":{"rendered":"http:\/\/promoalge.com.br\/?post_type=product&#038;p=7359"},"modified":"2021-08-19T18:11:16","modified_gmt":"2021-08-19T21:11:16","slug":"kit-caneta-roller-e-esferografica-pr51842","status":"publish","type":"product","link":"https:\/\/promoalge.com.br\/?product=kit-caneta-roller-e-esferografica-pr51842","title":{"rendered":"Kit Caneta Roller e Esferogr\u00e1fica &#8211; PR51842"},"content":{"rendered":"","protected":false},"excerpt":{"rendered":"<p>Conjunto caneta sendo 1 com carga roller e 1 esferogr\u00e1fica em metal, ambos com clipe e escrita a preto. A esferogr\u00e1fica \u00e9 de mecanismo twist e permite At\u00e9 1,5 km escrita, incluso estojo almofadado, medidas \u00f813 x 136 mm | Estojo: 185 x 75 x 31 mm. Grava\u00e7\u00e3o a laser nas canetas.<\/p>\n<ul>\n<li>M\u00ednimo 50 unidades.<\/li>\n<\/ul>\n","protected":false},"featured_media":7360,"template":"","meta":[],"product_brand":[],"product_cat":[346,407],"product_tag":[],"class_list":{"0":"post-7359","1":"product","2":"type-product","3":"status-publish","4":"has-post-thumbnail","6":"product_cat-canetas-metalicas","7":"product_cat-conjuntos","9":"first","10":"instock","11":"shipping-taxable","12":"product-type-simple"},"_links":{"self":[{"href":"https:\/\/promoalge.com.br\/index.php?rest_route=\/wp\/v2\/product\/7359","targetHints":{"allow":["GET"]}}],"collection":[{"href":"https:\/\/promoalge.com.br\/index.php?rest_route=\/wp\/v2\/product"}],"about":[{"href":"https:\/\/promoalge.com.br\/index.php?rest_route=\/wp\/v2\/types\/product"}],"wp:featuredmedia":[{"embeddable":true,"href":"https:\/\/promoalge.com.br\/index.php?rest_route=\/wp\/v2\/media\/7360"}],"wp:attachment":[{"href":"https:\/\/promoalge.com.br\/index.php?rest_route=%2Fwp%2Fv2%2Fmedia&parent=7359"}],"wp:term":[{"taxonomy":"product_brand","embeddable":true,"href":"https:\/\/promoalge.com.br\/index.php?rest_route=%2Fwp%2Fv2%2Fproduct_brand&post=7359"},{"taxonomy":"product_cat","embeddable":true,"href":"https:\/\/promoalge.com.br\/index.php?rest_route=%2Fwp%2Fv2%2Fproduct_cat&post=7359"},{"taxonomy":"product_tag","embeddable":true,"href":"https:\/\/promoalge.com.br\/index.php?rest_route=%2Fwp%2Fv2%2Fproduct_tag&post=7359"}],"curies":[{"name":"wp","href":"https:\/\/api.w.org\/{rel}","templated":true}]}}