{"id":737,"date":"2018-06-19T14:22:46","date_gmt":"2018-06-19T17:22:46","guid":{"rendered":"http:\/\/promoalge.com.br\/?post_type=product&#038;p=737"},"modified":"2018-06-19T14:35:23","modified_gmt":"2018-06-19T17:35:23","slug":"mouse-pad-ergonomico-mpp2125","status":"publish","type":"product","link":"https:\/\/promoalge.com.br\/?product=mouse-pad-ergonomico-mpp2125","title":{"rendered":"Mouse Pad Ergon\u00f4mico &#8211; MPP2125"},"content":{"rendered":"","protected":false},"excerpt":{"rendered":"<p>Mouse Pad Ergon\u00f4mico produzido em PVC Rigex 027mm Translucido Fosco, Espuma Preta Emborrachada 2mm, Papel\u00e3o 1.4mm, Bolha em Cristal 080mm, Gel Colorido. Medidas 21cm largura x 25cm altura. Grava\u00e7\u00e3o serigrafia .<\/p>\n","protected":false},"featured_media":739,"template":"","meta":[],"product_brand":[],"product_cat":[353,409],"product_tag":[],"class_list":{"0":"post-737","1":"product","2":"type-product","3":"status-publish","4":"has-post-thumbnail","6":"product_cat-diversos","7":"product_cat-escritorio","9":"first","10":"instock","11":"shipping-taxable","12":"product-type-simple"},"_links":{"self":[{"href":"https:\/\/promoalge.com.br\/index.php?rest_route=\/wp\/v2\/product\/737","targetHints":{"allow":["GET"]}}],"collection":[{"href":"https:\/\/promoalge.com.br\/index.php?rest_route=\/wp\/v2\/product"}],"about":[{"href":"https:\/\/promoalge.com.br\/index.php?rest_route=\/wp\/v2\/types\/product"}],"wp:featuredmedia":[{"embeddable":true,"href":"https:\/\/promoalge.com.br\/index.php?rest_route=\/wp\/v2\/media\/739"}],"wp:attachment":[{"href":"https:\/\/promoalge.com.br\/index.php?rest_route=%2Fwp%2Fv2%2Fmedia&parent=737"}],"wp:term":[{"taxonomy":"product_brand","embeddable":true,"href":"https:\/\/promoalge.com.br\/index.php?rest_route=%2Fwp%2Fv2%2Fproduct_brand&post=737"},{"taxonomy":"product_cat","embeddable":true,"href":"https:\/\/promoalge.com.br\/index.php?rest_route=%2Fwp%2Fv2%2Fproduct_cat&post=737"},{"taxonomy":"product_tag","embeddable":true,"href":"https:\/\/promoalge.com.br\/index.php?rest_route=%2Fwp%2Fv2%2Fproduct_tag&post=737"}],"curies":[{"name":"wp","href":"https:\/\/api.w.org\/{rel}","templated":true}]}}