{"id":7414,"date":"2021-09-15T17:13:06","date_gmt":"2021-09-15T20:13:06","guid":{"rendered":"http:\/\/promoalge.com.br\/?post_type=product&#038;p=7414"},"modified":"2021-09-15T17:13:06","modified_gmt":"2021-09-15T20:13:06","slug":"copo-dobravel-240-ml-pr94694","status":"publish","type":"product","link":"https:\/\/promoalge.com.br\/?product=copo-dobravel-240-ml-pr94694","title":{"rendered":"Copo Dobr\u00e1vel 240 ml &#8211; PR94694"},"content":{"rendered":"","protected":false},"excerpt":{"rendered":"<p>Copo de viagem dobr\u00e1vel em silicone com tampa em PP, cont\u00e9m uma argola na base que serve como pega ou para pendurar. Copo com capacidade at\u00e9 240 ml, medidas \u00f857 x 87 x 81 mm. Grava\u00e7\u00e3o serigrafia em 1 cor.<\/p>\n<ul>\n<li>M\u00ednimo 100 unidades.<\/li>\n<\/ul>\n","protected":false},"featured_media":7415,"template":"","meta":[],"product_brand":[],"product_cat":[251],"product_tag":[],"class_list":{"0":"post-7414","1":"product","2":"type-product","3":"status-publish","4":"has-post-thumbnail","6":"product_cat-plastica-canecas-copos-garrafas","8":"first","9":"instock","10":"shipping-taxable","11":"product-type-simple"},"_links":{"self":[{"href":"https:\/\/promoalge.com.br\/index.php?rest_route=\/wp\/v2\/product\/7414","targetHints":{"allow":["GET"]}}],"collection":[{"href":"https:\/\/promoalge.com.br\/index.php?rest_route=\/wp\/v2\/product"}],"about":[{"href":"https:\/\/promoalge.com.br\/index.php?rest_route=\/wp\/v2\/types\/product"}],"wp:featuredmedia":[{"embeddable":true,"href":"https:\/\/promoalge.com.br\/index.php?rest_route=\/wp\/v2\/media\/7415"}],"wp:attachment":[{"href":"https:\/\/promoalge.com.br\/index.php?rest_route=%2Fwp%2Fv2%2Fmedia&parent=7414"}],"wp:term":[{"taxonomy":"product_brand","embeddable":true,"href":"https:\/\/promoalge.com.br\/index.php?rest_route=%2Fwp%2Fv2%2Fproduct_brand&post=7414"},{"taxonomy":"product_cat","embeddable":true,"href":"https:\/\/promoalge.com.br\/index.php?rest_route=%2Fwp%2Fv2%2Fproduct_cat&post=7414"},{"taxonomy":"product_tag","embeddable":true,"href":"https:\/\/promoalge.com.br\/index.php?rest_route=%2Fwp%2Fv2%2Fproduct_tag&post=7414"}],"curies":[{"name":"wp","href":"https:\/\/api.w.org\/{rel}","templated":true}]}}