{"id":7456,"date":"2021-09-28T16:25:45","date_gmt":"2021-09-28T19:25:45","guid":{"rendered":"http:\/\/promoalge.com.br\/?post_type=product&#038;p=7456"},"modified":"2021-09-28T16:25:45","modified_gmt":"2021-09-28T19:25:45","slug":"copo-retratil-210-ml-pr94769","status":"publish","type":"product","link":"https:\/\/promoalge.com.br\/?product=copo-retratil-210-ml-pr94769","title":{"rendered":"Copo Retr\u00e1til 210 ml &#8211; PR94769"},"content":{"rendered":"","protected":false},"excerpt":{"rendered":"<p>Copo de viagem retr\u00e1til em fibra de bambu (50%) e PP (50%) com capacidade at\u00e9 210 ml. Incluso caixa para comprimidos e mosquet\u00e3o, medidas \u00f865 x 33 mm. Grava\u00e7\u00e3o serigrafia em 1 cor.<\/p>\n<ul>\n<li>M\u00ednimo 100 unidades.<\/li>\n<\/ul>\n","protected":false},"featured_media":7457,"template":"","meta":[],"product_brand":[],"product_cat":[251,321],"product_tag":[],"class_list":{"0":"post-7456","1":"product","2":"type-product","3":"status-publish","4":"has-post-thumbnail","6":"product_cat-plastica-canecas-copos-garrafas","7":"product_cat-linha-ecologica","9":"first","10":"instock","11":"shipping-taxable","12":"product-type-simple"},"_links":{"self":[{"href":"https:\/\/promoalge.com.br\/index.php?rest_route=\/wp\/v2\/product\/7456","targetHints":{"allow":["GET"]}}],"collection":[{"href":"https:\/\/promoalge.com.br\/index.php?rest_route=\/wp\/v2\/product"}],"about":[{"href":"https:\/\/promoalge.com.br\/index.php?rest_route=\/wp\/v2\/types\/product"}],"wp:featuredmedia":[{"embeddable":true,"href":"https:\/\/promoalge.com.br\/index.php?rest_route=\/wp\/v2\/media\/7457"}],"wp:attachment":[{"href":"https:\/\/promoalge.com.br\/index.php?rest_route=%2Fwp%2Fv2%2Fmedia&parent=7456"}],"wp:term":[{"taxonomy":"product_brand","embeddable":true,"href":"https:\/\/promoalge.com.br\/index.php?rest_route=%2Fwp%2Fv2%2Fproduct_brand&post=7456"},{"taxonomy":"product_cat","embeddable":true,"href":"https:\/\/promoalge.com.br\/index.php?rest_route=%2Fwp%2Fv2%2Fproduct_cat&post=7456"},{"taxonomy":"product_tag","embeddable":true,"href":"https:\/\/promoalge.com.br\/index.php?rest_route=%2Fwp%2Fv2%2Fproduct_tag&post=7456"}],"curies":[{"name":"wp","href":"https:\/\/api.w.org\/{rel}","templated":true}]}}