{"id":7476,"date":"2021-10-05T16:04:52","date_gmt":"2021-10-05T19:04:52","guid":{"rendered":"http:\/\/promoalge.com.br\/?post_type=product&#038;p=7476"},"modified":"2021-10-05T16:04:53","modified_gmt":"2021-10-05T19:04:53","slug":"squeeze-590-ml-pr94782","status":"publish","type":"product","link":"https:\/\/promoalge.com.br\/?product=squeeze-590-ml-pr94782","title":{"rendered":"Squeeze 590 ml &#8211; PR94782"},"content":{"rendered":"","protected":false},"excerpt":{"rendered":"<p>Squeeze produzido a partir de pl\u00e1stico reciclado, rPET, com al\u00e7a de silicone para facilitar o transporte. Tampa em PP e a\u00e7o inox com isolante em silicone, capacidade at\u00e9 590 ml. \u00f866 x 230 mm. Grava\u00e7\u00e3o serigrafia em 1 cor.<\/p>\n<ul>\n<li>M\u00ednimo 50 unidades.<\/li>\n<\/ul>\n","protected":false},"featured_media":7477,"template":"","meta":[],"product_brand":[],"product_cat":[251],"product_tag":[],"class_list":{"0":"post-7476","1":"product","2":"type-product","3":"status-publish","4":"has-post-thumbnail","6":"product_cat-plastica-canecas-copos-garrafas","8":"first","9":"instock","10":"shipping-taxable","11":"product-type-simple"},"_links":{"self":[{"href":"https:\/\/promoalge.com.br\/index.php?rest_route=\/wp\/v2\/product\/7476","targetHints":{"allow":["GET"]}}],"collection":[{"href":"https:\/\/promoalge.com.br\/index.php?rest_route=\/wp\/v2\/product"}],"about":[{"href":"https:\/\/promoalge.com.br\/index.php?rest_route=\/wp\/v2\/types\/product"}],"wp:featuredmedia":[{"embeddable":true,"href":"https:\/\/promoalge.com.br\/index.php?rest_route=\/wp\/v2\/media\/7477"}],"wp:attachment":[{"href":"https:\/\/promoalge.com.br\/index.php?rest_route=%2Fwp%2Fv2%2Fmedia&parent=7476"}],"wp:term":[{"taxonomy":"product_brand","embeddable":true,"href":"https:\/\/promoalge.com.br\/index.php?rest_route=%2Fwp%2Fv2%2Fproduct_brand&post=7476"},{"taxonomy":"product_cat","embeddable":true,"href":"https:\/\/promoalge.com.br\/index.php?rest_route=%2Fwp%2Fv2%2Fproduct_cat&post=7476"},{"taxonomy":"product_tag","embeddable":true,"href":"https:\/\/promoalge.com.br\/index.php?rest_route=%2Fwp%2Fv2%2Fproduct_tag&post=7476"}],"curies":[{"name":"wp","href":"https:\/\/api.w.org\/{rel}","templated":true}]}}