{"id":749,"date":"2018-06-19T14:40:59","date_gmt":"2018-06-19T17:40:59","guid":{"rendered":"http:\/\/promoalge.com.br\/?post_type=product&#038;p=749"},"modified":"2022-10-27T18:12:46","modified_gmt":"2022-10-27T21:12:46","slug":"sacola-com-alca-mps353310","status":"publish","type":"product","link":"https:\/\/promoalge.com.br\/?product=sacola-com-alca-mps353310","title":{"rendered":"Sacola de PVC &#8211; MPS353310"},"content":{"rendered":"","protected":false},"excerpt":{"rendered":"<p>Sacola Retangular com Al\u00e7a de Ombro e Fole TOTAL PVC Cristal 020 mm Transparente, Al\u00e7a de PVC 20 mm (60 cm comprimento) 35 cm largura x 33 cm altura x 10 cm fole. Grava\u00e7\u00e3o serigrafia.<\/p>\n","protected":false},"featured_media":740,"template":"","meta":[],"product_brand":[],"product_cat":[410,414],"product_tag":[],"class_list":{"0":"post-749","1":"product","2":"type-product","3":"status-publish","4":"has-post-thumbnail","6":"product_cat-eventos-pastas-pvc","7":"product_cat-praia-verao","9":"first","10":"instock","11":"shipping-taxable","12":"product-type-simple"},"_links":{"self":[{"href":"https:\/\/promoalge.com.br\/index.php?rest_route=\/wp\/v2\/product\/749","targetHints":{"allow":["GET"]}}],"collection":[{"href":"https:\/\/promoalge.com.br\/index.php?rest_route=\/wp\/v2\/product"}],"about":[{"href":"https:\/\/promoalge.com.br\/index.php?rest_route=\/wp\/v2\/types\/product"}],"wp:featuredmedia":[{"embeddable":true,"href":"https:\/\/promoalge.com.br\/index.php?rest_route=\/wp\/v2\/media\/740"}],"wp:attachment":[{"href":"https:\/\/promoalge.com.br\/index.php?rest_route=%2Fwp%2Fv2%2Fmedia&parent=749"}],"wp:term":[{"taxonomy":"product_brand","embeddable":true,"href":"https:\/\/promoalge.com.br\/index.php?rest_route=%2Fwp%2Fv2%2Fproduct_brand&post=749"},{"taxonomy":"product_cat","embeddable":true,"href":"https:\/\/promoalge.com.br\/index.php?rest_route=%2Fwp%2Fv2%2Fproduct_cat&post=749"},{"taxonomy":"product_tag","embeddable":true,"href":"https:\/\/promoalge.com.br\/index.php?rest_route=%2Fwp%2Fv2%2Fproduct_tag&post=749"}],"curies":[{"name":"wp","href":"https:\/\/api.w.org\/{rel}","templated":true}]}}