{"id":7492,"date":"2021-10-05T22:21:14","date_gmt":"2021-10-06T01:21:14","guid":{"rendered":"http:\/\/promoalge.com.br\/?post_type=product&#038;p=7492"},"modified":"2021-10-05T22:21:14","modified_gmt":"2021-10-06T01:21:14","slug":"kit-de-facas-para-queijo-cj00090","status":"publish","type":"product","link":"https:\/\/promoalge.com.br\/?product=kit-de-facas-para-queijo-cj00090","title":{"rendered":"Kit de Facas para Queijo &#8211; CJ00090"},"content":{"rendered":"<p>Conjunto de facas em A\u00e7o Inox para queijos, acompanha garfo, faca sem ponta, faca com ponta e faca quadrada em A\u00e7o Inox 2CR13. Medidas : Garfo: 17&#215;2,2cm \/ Faca sem ponta: 18&#215;2,3cm \/ Faca com ponta: 17&#215;4,4cm \/ Faca quadrada: 16&#215;4,4cm. Personaliza\u00e7\u00e3o atrav\u00e9s de grava\u00e7\u00e3o a laser na faca e serigrafia em 1 cor na caixa.<\/p>\n<ul>\n<li>M\u00ednimo 50 unidades.<\/li>\n<\/ul>\n","protected":false},"excerpt":{"rendered":"<p>Conjunto de facas em A\u00e7o Inox para queijos, acompanha garfo, faca sem ponta, faca com ponta e faca quadrada em A\u00e7o Inox 2CR13. Medidas : Garfo: 17&#215;2,2cm \/ Faca sem ponta: 18&#215;2,3cm \/ Faca com ponta: 17&#215;4,4cm \/ Faca quadrada: 16&#215;4,4cm. Personaliza\u00e7\u00e3o atrav\u00e9s de grava\u00e7\u00e3o a laser na faca e serigrafia em 1 cor na [&hellip;]<\/p>\n","protected":false},"featured_media":7493,"template":"","meta":[],"product_brand":[],"product_cat":[49],"product_tag":[],"class_list":{"0":"post-7492","1":"product","2":"type-product","3":"status-publish","4":"has-post-thumbnail","6":"product_cat-bar-queijo-vinhos","8":"first","9":"instock","10":"shipping-taxable","11":"product-type-simple"},"_links":{"self":[{"href":"https:\/\/promoalge.com.br\/index.php?rest_route=\/wp\/v2\/product\/7492","targetHints":{"allow":["GET"]}}],"collection":[{"href":"https:\/\/promoalge.com.br\/index.php?rest_route=\/wp\/v2\/product"}],"about":[{"href":"https:\/\/promoalge.com.br\/index.php?rest_route=\/wp\/v2\/types\/product"}],"wp:featuredmedia":[{"embeddable":true,"href":"https:\/\/promoalge.com.br\/index.php?rest_route=\/wp\/v2\/media\/7493"}],"wp:attachment":[{"href":"https:\/\/promoalge.com.br\/index.php?rest_route=%2Fwp%2Fv2%2Fmedia&parent=7492"}],"wp:term":[{"taxonomy":"product_brand","embeddable":true,"href":"https:\/\/promoalge.com.br\/index.php?rest_route=%2Fwp%2Fv2%2Fproduct_brand&post=7492"},{"taxonomy":"product_cat","embeddable":true,"href":"https:\/\/promoalge.com.br\/index.php?rest_route=%2Fwp%2Fv2%2Fproduct_cat&post=7492"},{"taxonomy":"product_tag","embeddable":true,"href":"https:\/\/promoalge.com.br\/index.php?rest_route=%2Fwp%2Fv2%2Fproduct_tag&post=7492"}],"curies":[{"name":"wp","href":"https:\/\/api.w.org\/{rel}","templated":true}]}}