{"id":7494,"date":"2021-10-05T23:15:39","date_gmt":"2021-10-06T02:15:39","guid":{"rendered":"http:\/\/promoalge.com.br\/?post_type=product&#038;p=7494"},"modified":"2021-10-05T23:15:39","modified_gmt":"2021-10-06T02:15:39","slug":"garrafa-de-vidro-duplo-360-ml-prga7100","status":"publish","type":"product","link":"https:\/\/promoalge.com.br\/?product=garrafa-de-vidro-duplo-360-ml-prga7100","title":{"rendered":"Garrafa de Vidro Duplo 360 ml &#8211; PRGA7100"},"content":{"rendered":"","protected":false},"excerpt":{"rendered":"<p>Garrafa de vidro 360ml com parede dupla e infusor de metal. Cont\u00e9m tampa rosque\u00e1ael de bambu e al\u00e7a de tecido embutida, conserva a temperatura quente e frio, at\u00e9 320\u00b0C.<br \/>\nMedidas:<br \/>\nAltura : 23 cm;<br \/>\nLargura : 6,9 cm;<br \/>\nCircunfer\u00eancia : 21 cm.<\/p>\n<p>Grava\u00e7\u00e3o a laser.<\/p>\n<p>&nbsp;<\/p>\n<ul>\n<li>M\u00ednimo 50 unidades.<\/li>\n<\/ul>\n","protected":false},"featured_media":7495,"template":"","meta":[],"product_brand":[],"product_cat":[237,418],"product_tag":[],"class_list":{"0":"post-7494","1":"product","2":"type-product","3":"status-publish","4":"has-post-thumbnail","6":"product_cat-metalicas","7":"product_cat-porcelana-e-vidros","9":"first","10":"instock","11":"shipping-taxable","12":"product-type-simple"},"_links":{"self":[{"href":"https:\/\/promoalge.com.br\/index.php?rest_route=\/wp\/v2\/product\/7494","targetHints":{"allow":["GET"]}}],"collection":[{"href":"https:\/\/promoalge.com.br\/index.php?rest_route=\/wp\/v2\/product"}],"about":[{"href":"https:\/\/promoalge.com.br\/index.php?rest_route=\/wp\/v2\/types\/product"}],"wp:featuredmedia":[{"embeddable":true,"href":"https:\/\/promoalge.com.br\/index.php?rest_route=\/wp\/v2\/media\/7495"}],"wp:attachment":[{"href":"https:\/\/promoalge.com.br\/index.php?rest_route=%2Fwp%2Fv2%2Fmedia&parent=7494"}],"wp:term":[{"taxonomy":"product_brand","embeddable":true,"href":"https:\/\/promoalge.com.br\/index.php?rest_route=%2Fwp%2Fv2%2Fproduct_brand&post=7494"},{"taxonomy":"product_cat","embeddable":true,"href":"https:\/\/promoalge.com.br\/index.php?rest_route=%2Fwp%2Fv2%2Fproduct_cat&post=7494"},{"taxonomy":"product_tag","embeddable":true,"href":"https:\/\/promoalge.com.br\/index.php?rest_route=%2Fwp%2Fv2%2Fproduct_tag&post=7494"}],"curies":[{"name":"wp","href":"https:\/\/api.w.org\/{rel}","templated":true}]}}