{"id":7504,"date":"2021-10-05T23:51:07","date_gmt":"2021-10-06T02:51:07","guid":{"rendered":"http:\/\/promoalge.com.br\/?post_type=product&#038;p=7504"},"modified":"2021-10-05T23:51:07","modified_gmt":"2021-10-06T02:51:07","slug":"base-dual-inducao-para-celulares-e-iwatch-pr4054","status":"publish","type":"product","link":"https:\/\/promoalge.com.br\/?product=base-dual-inducao-para-celulares-e-iwatch-pr4054","title":{"rendered":"Base Dual Indu\u00e7\u00e3o para Celulares e Iwatch &#8211; PR4054"},"content":{"rendered":"","protected":false},"excerpt":{"rendered":"<p>Base de carregamento por indu\u00e7\u00e3o dual para celulares e Iwatch. Com \u201calmofadas\u201d de indu\u00e7\u00e3o para o carregamento de celulares simultaneamente, a base cont\u00e9m na \u00e1rea central uma \u00e1rea indutiva para o carregamento de Iwatch com luzes leds indicativas de funcionamento. Para maior estabilidade em superf\u00edcies, a base possui borrachas antideslizantes na \u00e1rea inferior. Acompanha cabo USB Tipo-C.<br \/>\nMedidas:<br \/>\nLargura : 9 cm;<br \/>\nEspessura : 1,6 cm;<br \/>\nComprimento : 22 cm;<\/p>\n<p>CARACTER\u00cdSTICAS T\u00c9CNICAS:<br \/>\nMaterial: Pl\u00e1stico<\/p>\n<p>Cabo &#8211; comprimento: 99,8 cm<\/p>\n<p>Compatibilidade de Indu\u00e7\u00e3o para Celulares: Padr\u00e3o QI<\/p>\n<p>Compatibilidade de Indu\u00e7\u00e3o para Rel\u00f3gios: Iwatch<\/p>\n<p>Modo de uso: Para desfrutar o m\u00e1ximo do potencial da base de indu\u00e7\u00e3o ou at\u00e9 mesmo carregar dois celulares ao mesmo tempo, \u00e9 necess\u00e1rio conect\u00e1-la a um carregador turbo (adaptador de tomada) com especifica\u00e7\u00e3o m\u00ednima de 18w (9V2A).<\/p>\n<p>Grava\u00e7\u00e3o serigrafia em 1 cor.<\/p>\n<p>&nbsp;<\/p>\n<ul>\n<li>M\u00ednimo 50 unidades.<\/li>\n<\/ul>\n","protected":false},"featured_media":7505,"template":"","meta":[],"product_brand":[],"product_cat":[417],"product_tag":[],"class_list":{"0":"post-7504","1":"product","2":"type-product","3":"status-publish","4":"has-post-thumbnail","6":"product_cat-pendrive-tecnologia","8":"first","9":"instock","10":"shipping-taxable","11":"product-type-simple"},"_links":{"self":[{"href":"https:\/\/promoalge.com.br\/index.php?rest_route=\/wp\/v2\/product\/7504","targetHints":{"allow":["GET"]}}],"collection":[{"href":"https:\/\/promoalge.com.br\/index.php?rest_route=\/wp\/v2\/product"}],"about":[{"href":"https:\/\/promoalge.com.br\/index.php?rest_route=\/wp\/v2\/types\/product"}],"wp:featuredmedia":[{"embeddable":true,"href":"https:\/\/promoalge.com.br\/index.php?rest_route=\/wp\/v2\/media\/7505"}],"wp:attachment":[{"href":"https:\/\/promoalge.com.br\/index.php?rest_route=%2Fwp%2Fv2%2Fmedia&parent=7504"}],"wp:term":[{"taxonomy":"product_brand","embeddable":true,"href":"https:\/\/promoalge.com.br\/index.php?rest_route=%2Fwp%2Fv2%2Fproduct_brand&post=7504"},{"taxonomy":"product_cat","embeddable":true,"href":"https:\/\/promoalge.com.br\/index.php?rest_route=%2Fwp%2Fv2%2Fproduct_cat&post=7504"},{"taxonomy":"product_tag","embeddable":true,"href":"https:\/\/promoalge.com.br\/index.php?rest_route=%2Fwp%2Fv2%2Fproduct_tag&post=7504"}],"curies":[{"name":"wp","href":"https:\/\/api.w.org\/{rel}","templated":true}]}}