{"id":7572,"date":"2022-01-21T16:11:47","date_gmt":"2022-01-21T19:11:47","guid":{"rendered":"http:\/\/promoalge.com.br\/?post_type=product&#038;p=7572"},"modified":"2025-08-12T16:53:28","modified_gmt":"2025-08-12T19:53:28","slug":"kit-queijo-5-pecas-pr5222","status":"publish","type":"product","link":"https:\/\/promoalge.com.br\/?product=kit-queijo-5-pecas-pr5222","title":{"rendered":"Kit Queijo 5 Pe\u00e7as &#8211; PR5222"},"content":{"rendered":"","protected":false},"excerpt":{"rendered":"<p>Kit queijo 5 pe\u00e7as, cont\u00e9m: t\u00e1bua de bambu com gaveta para acomoda\u00e7\u00e3o dos utens\u00edlios, faca com ponta, faca reta, garfo e esp\u00e1tula.<br \/>\nMedidas:<br \/>\nAltura : 18 cm;<br \/>\nLargura : 27,7 cm;<br \/>\nEspessura : 3,5 cm;<\/p>\n<p>Medidas Garfo (A x L): 12,5 cm x 2,8 cm<\/p>\n<p>Medidas Esp\u00e1tula (A x L): 12 cm x 4,7 cm<\/p>\n<p>Medidas Faca com Ponta (A x L): 11,2 cm x 2,8 cm<\/p>\n<p>Medidas Faca Reta (A x L): 12,3 cm x 2,8 cm<\/p>\n<p>Grava\u00e7\u00e3o a laser.<\/p>\n","protected":false},"featured_media":7577,"template":"","meta":[],"product_brand":[],"product_cat":[49],"product_tag":[],"class_list":{"0":"post-7572","1":"product","2":"type-product","3":"status-publish","4":"has-post-thumbnail","6":"product_cat-bar-queijo-vinhos","8":"first","9":"instock","10":"shipping-taxable","11":"product-type-simple"},"_links":{"self":[{"href":"https:\/\/promoalge.com.br\/index.php?rest_route=\/wp\/v2\/product\/7572","targetHints":{"allow":["GET"]}}],"collection":[{"href":"https:\/\/promoalge.com.br\/index.php?rest_route=\/wp\/v2\/product"}],"about":[{"href":"https:\/\/promoalge.com.br\/index.php?rest_route=\/wp\/v2\/types\/product"}],"wp:featuredmedia":[{"embeddable":true,"href":"https:\/\/promoalge.com.br\/index.php?rest_route=\/wp\/v2\/media\/7577"}],"wp:attachment":[{"href":"https:\/\/promoalge.com.br\/index.php?rest_route=%2Fwp%2Fv2%2Fmedia&parent=7572"}],"wp:term":[{"taxonomy":"product_brand","embeddable":true,"href":"https:\/\/promoalge.com.br\/index.php?rest_route=%2Fwp%2Fv2%2Fproduct_brand&post=7572"},{"taxonomy":"product_cat","embeddable":true,"href":"https:\/\/promoalge.com.br\/index.php?rest_route=%2Fwp%2Fv2%2Fproduct_cat&post=7572"},{"taxonomy":"product_tag","embeddable":true,"href":"https:\/\/promoalge.com.br\/index.php?rest_route=%2Fwp%2Fv2%2Fproduct_tag&post=7572"}],"curies":[{"name":"wp","href":"https:\/\/api.w.org\/{rel}","templated":true}]}}