{"id":7602,"date":"2022-02-08T16:45:05","date_gmt":"2022-02-08T19:45:05","guid":{"rendered":"http:\/\/promoalge.com.br\/?post_type=product&#038;p=7602"},"modified":"2022-02-08T16:45:05","modified_gmt":"2022-02-08T19:45:05","slug":"caneta-metalica-com-touch-e-led-pr8080","status":"publish","type":"product","link":"https:\/\/promoalge.com.br\/?product=caneta-metalica-com-touch-e-led-pr8080","title":{"rendered":"Caneta Met\u00e1lica com Touch e Led &#8211; PR8080"},"content":{"rendered":"","protected":false},"excerpt":{"rendered":"<p>Caneta metal touch com led. Caneta com pintura fosca colorida, possui clip met\u00e1lico e detalhes em cinza. Borracha touch superior com tampa pl\u00e1stica transparente, ao pressionar o touch ir\u00e1 ligar\/desligar o led. No centro da caneta h\u00e1 uma \u00e1rea retangular cinza, quando efetuado a grava\u00e7\u00e3o no local, ao ligar o led a personaliza\u00e7\u00e3o ficar\u00e1 iluminada. Acompanha 3 baterias LR41 localizadas no compartimento interno do touch, para substitui\u00e7\u00e3o das baterias basta desrosquear o compartimento para efetuar a troca. Grava\u00e7\u00e3o a laser, e quando acionado o led aparece a logo.<\/p>\n","protected":false},"featured_media":7603,"template":"","meta":[],"product_brand":[],"product_cat":[346],"product_tag":[],"class_list":{"0":"post-7602","1":"product","2":"type-product","3":"status-publish","4":"has-post-thumbnail","6":"product_cat-canetas-metalicas","8":"first","9":"instock","10":"shipping-taxable","11":"product-type-simple"},"_links":{"self":[{"href":"https:\/\/promoalge.com.br\/index.php?rest_route=\/wp\/v2\/product\/7602","targetHints":{"allow":["GET"]}}],"collection":[{"href":"https:\/\/promoalge.com.br\/index.php?rest_route=\/wp\/v2\/product"}],"about":[{"href":"https:\/\/promoalge.com.br\/index.php?rest_route=\/wp\/v2\/types\/product"}],"wp:featuredmedia":[{"embeddable":true,"href":"https:\/\/promoalge.com.br\/index.php?rest_route=\/wp\/v2\/media\/7603"}],"wp:attachment":[{"href":"https:\/\/promoalge.com.br\/index.php?rest_route=%2Fwp%2Fv2%2Fmedia&parent=7602"}],"wp:term":[{"taxonomy":"product_brand","embeddable":true,"href":"https:\/\/promoalge.com.br\/index.php?rest_route=%2Fwp%2Fv2%2Fproduct_brand&post=7602"},{"taxonomy":"product_cat","embeddable":true,"href":"https:\/\/promoalge.com.br\/index.php?rest_route=%2Fwp%2Fv2%2Fproduct_cat&post=7602"},{"taxonomy":"product_tag","embeddable":true,"href":"https:\/\/promoalge.com.br\/index.php?rest_route=%2Fwp%2Fv2%2Fproduct_tag&post=7602"}],"curies":[{"name":"wp","href":"https:\/\/api.w.org\/{rel}","templated":true}]}}