{"id":7631,"date":"2022-02-15T21:21:51","date_gmt":"2022-02-16T00:21:51","guid":{"rendered":"http:\/\/promoalge.com.br\/?post_type=product&#038;p=7631"},"modified":"2022-02-15T21:21:51","modified_gmt":"2022-02-16T00:21:51","slug":"garrafa-em-inox-350-ml-pr1116","status":"publish","type":"product","link":"https:\/\/promoalge.com.br\/?product=garrafa-em-inox-350-ml-pr1116","title":{"rendered":"Garrafa em Inox 350 ml &#8211; PR1116"},"content":{"rendered":"","protected":false},"excerpt":{"rendered":"<p>Garrafa\u00a0 capacidade\u00a0 350 ml em inox com tampa rosque\u00e1vel, tampa interna em pl\u00e1stico resistente(basta um clique para abrir ou fechar). Acompanha capa protetora de couro sint\u00e9tico com al\u00e7a de nylon. Grava\u00e7\u00e3o serigrafia na capa e laser na Garrafa.<\/p>\n<p>Medidas:<\/p>\n<p>Altura : 19,7 cm<\/p>\n<p>Largura : 6,8 cm<\/p>\n<p>&nbsp;<\/p>\n<p>*M\u00ednimo 50 unidades.<\/p>\n","protected":false},"featured_media":7632,"template":"","meta":[],"product_brand":[],"product_cat":[237],"product_tag":[],"class_list":{"0":"post-7631","1":"product","2":"type-product","3":"status-publish","4":"has-post-thumbnail","6":"product_cat-metalicas","8":"first","9":"instock","10":"shipping-taxable","11":"product-type-simple"},"_links":{"self":[{"href":"https:\/\/promoalge.com.br\/index.php?rest_route=\/wp\/v2\/product\/7631","targetHints":{"allow":["GET"]}}],"collection":[{"href":"https:\/\/promoalge.com.br\/index.php?rest_route=\/wp\/v2\/product"}],"about":[{"href":"https:\/\/promoalge.com.br\/index.php?rest_route=\/wp\/v2\/types\/product"}],"wp:featuredmedia":[{"embeddable":true,"href":"https:\/\/promoalge.com.br\/index.php?rest_route=\/wp\/v2\/media\/7632"}],"wp:attachment":[{"href":"https:\/\/promoalge.com.br\/index.php?rest_route=%2Fwp%2Fv2%2Fmedia&parent=7631"}],"wp:term":[{"taxonomy":"product_brand","embeddable":true,"href":"https:\/\/promoalge.com.br\/index.php?rest_route=%2Fwp%2Fv2%2Fproduct_brand&post=7631"},{"taxonomy":"product_cat","embeddable":true,"href":"https:\/\/promoalge.com.br\/index.php?rest_route=%2Fwp%2Fv2%2Fproduct_cat&post=7631"},{"taxonomy":"product_tag","embeddable":true,"href":"https:\/\/promoalge.com.br\/index.php?rest_route=%2Fwp%2Fv2%2Fproduct_tag&post=7631"}],"curies":[{"name":"wp","href":"https:\/\/api.w.org\/{rel}","templated":true}]}}