{"id":7636,"date":"2022-02-15T21:35:41","date_gmt":"2022-02-16T00:35:41","guid":{"rendered":"http:\/\/promoalge.com.br\/?post_type=product&#038;p=7636"},"modified":"2022-02-15T21:35:42","modified_gmt":"2022-02-16T00:35:42","slug":"garrafa-termica-em-inox-500-ml-pr18634","status":"publish","type":"product","link":"https:\/\/promoalge.com.br\/?product=garrafa-termica-em-inox-500-ml-pr18634","title":{"rendered":"Garrafa T\u00e9rmica em Inox 500 ml &#8211; PR18634"},"content":{"rendered":"","protected":false},"excerpt":{"rendered":"<p>Garrafa t\u00e9rmica 500ml em inox. Tampa pl\u00e1stica com al\u00e7a para transporte e bot\u00e3o de acionamento (basta um clique para abrir ou fechar).<\/p>\n<p>Medidas:<br \/>\nAltura : 27 cm;<br \/>\nLargura : 7,5 cm;<br \/>\nCircunfer\u00eancia : 23 cm<\/p>\n<p>Grava\u00e7\u00e3o a laser.<\/p>\n<p>&nbsp;<\/p>\n<p>*M\u00ednimo 50 unidades.<\/p>\n","protected":false},"featured_media":7637,"template":"","meta":[],"product_brand":[],"product_cat":[237],"product_tag":[],"class_list":{"0":"post-7636","1":"product","2":"type-product","3":"status-publish","4":"has-post-thumbnail","6":"product_cat-metalicas","8":"first","9":"instock","10":"shipping-taxable","11":"product-type-simple"},"_links":{"self":[{"href":"https:\/\/promoalge.com.br\/index.php?rest_route=\/wp\/v2\/product\/7636","targetHints":{"allow":["GET"]}}],"collection":[{"href":"https:\/\/promoalge.com.br\/index.php?rest_route=\/wp\/v2\/product"}],"about":[{"href":"https:\/\/promoalge.com.br\/index.php?rest_route=\/wp\/v2\/types\/product"}],"wp:featuredmedia":[{"embeddable":true,"href":"https:\/\/promoalge.com.br\/index.php?rest_route=\/wp\/v2\/media\/7637"}],"wp:attachment":[{"href":"https:\/\/promoalge.com.br\/index.php?rest_route=%2Fwp%2Fv2%2Fmedia&parent=7636"}],"wp:term":[{"taxonomy":"product_brand","embeddable":true,"href":"https:\/\/promoalge.com.br\/index.php?rest_route=%2Fwp%2Fv2%2Fproduct_brand&post=7636"},{"taxonomy":"product_cat","embeddable":true,"href":"https:\/\/promoalge.com.br\/index.php?rest_route=%2Fwp%2Fv2%2Fproduct_cat&post=7636"},{"taxonomy":"product_tag","embeddable":true,"href":"https:\/\/promoalge.com.br\/index.php?rest_route=%2Fwp%2Fv2%2Fproduct_tag&post=7636"}],"curies":[{"name":"wp","href":"https:\/\/api.w.org\/{rel}","templated":true}]}}