{"id":7661,"date":"2022-02-15T22:08:19","date_gmt":"2022-02-16T01:08:19","guid":{"rendered":"http:\/\/promoalge.com.br\/?post_type=product&#038;p=7661"},"modified":"2025-08-12T15:07:16","modified_gmt":"2025-08-12T18:07:16","slug":"garrafa-termica-em-inox-400-ml-pr2112","status":"publish","type":"product","link":"https:\/\/promoalge.com.br\/?product=garrafa-termica-em-inox-400-ml-pr2112","title":{"rendered":"Garrafa T\u00e9rmica em Inox 400 ml &#8211; PR2112"},"content":{"rendered":"","protected":false},"excerpt":{"rendered":"<p>Garrafa t\u00e9rmica de 400ml de inox colorida com bot\u00e3o e v\u00e1lvula para abertura. Possui um sistema de trava (basta mover para cima\/baixo para abrir\/fechar), pressione o bot\u00e3o central para abrir a tampa(possui na parte interna borracha protetora evitando vazar o l\u00edquido). Para abrir a tampa por completo basta rosque\u00e1-la, parte interna revestida em inox.<\/p>\n<p>Medidas: (CxL): 22,7 cm x 7,2 cm x 20,5;<\/p>\n<p>Grava\u00e7\u00e3o a laser.<\/p>\n<p>*M\u00ednimo 50 unidades.<\/p>\n","protected":false},"featured_media":7662,"template":"","meta":[],"product_brand":[],"product_cat":[237],"product_tag":[],"class_list":{"0":"post-7661","1":"product","2":"type-product","3":"status-publish","4":"has-post-thumbnail","6":"product_cat-metalicas","8":"first","9":"instock","10":"shipping-taxable","11":"product-type-simple"},"_links":{"self":[{"href":"https:\/\/promoalge.com.br\/index.php?rest_route=\/wp\/v2\/product\/7661","targetHints":{"allow":["GET"]}}],"collection":[{"href":"https:\/\/promoalge.com.br\/index.php?rest_route=\/wp\/v2\/product"}],"about":[{"href":"https:\/\/promoalge.com.br\/index.php?rest_route=\/wp\/v2\/types\/product"}],"wp:featuredmedia":[{"embeddable":true,"href":"https:\/\/promoalge.com.br\/index.php?rest_route=\/wp\/v2\/media\/7662"}],"wp:attachment":[{"href":"https:\/\/promoalge.com.br\/index.php?rest_route=%2Fwp%2Fv2%2Fmedia&parent=7661"}],"wp:term":[{"taxonomy":"product_brand","embeddable":true,"href":"https:\/\/promoalge.com.br\/index.php?rest_route=%2Fwp%2Fv2%2Fproduct_brand&post=7661"},{"taxonomy":"product_cat","embeddable":true,"href":"https:\/\/promoalge.com.br\/index.php?rest_route=%2Fwp%2Fv2%2Fproduct_cat&post=7661"},{"taxonomy":"product_tag","embeddable":true,"href":"https:\/\/promoalge.com.br\/index.php?rest_route=%2Fwp%2Fv2%2Fproduct_tag&post=7661"}],"curies":[{"name":"wp","href":"https:\/\/api.w.org\/{rel}","templated":true}]}}