{"id":767,"date":"2018-06-19T14:58:49","date_gmt":"2018-06-19T17:58:49","guid":{"rendered":"http:\/\/promoalge.com.br\/?post_type=product&#038;p=767"},"modified":"2018-06-19T15:00:26","modified_gmt":"2018-06-19T18:00:26","slug":"espelho-de-bolsa-pr276","status":"publish","type":"product","link":"https:\/\/promoalge.com.br\/?product=espelho-de-bolsa-pr276","title":{"rendered":"Espelho de Bolsa &#8211; PR276"},"content":{"rendered":"","protected":false},"excerpt":{"rendered":"<p>Espelho de bolsa dobr\u00e1vel em PVC, dispon\u00edvel em v\u00e1rias cores. Medida fechado: 7,5 x 6,7 cm. Grava\u00e7\u00e3o serigrafia.<\/p>\n","protected":false},"featured_media":770,"template":"","meta":[],"product_brand":[],"product_cat":[413],"product_tag":[],"class_list":{"0":"post-767","1":"product","2":"type-product","3":"status-publish","4":"has-post-thumbnail","6":"product_cat-linha-feminina","8":"first","9":"instock","10":"shipping-taxable","11":"product-type-simple"},"_links":{"self":[{"href":"https:\/\/promoalge.com.br\/index.php?rest_route=\/wp\/v2\/product\/767","targetHints":{"allow":["GET"]}}],"collection":[{"href":"https:\/\/promoalge.com.br\/index.php?rest_route=\/wp\/v2\/product"}],"about":[{"href":"https:\/\/promoalge.com.br\/index.php?rest_route=\/wp\/v2\/types\/product"}],"wp:featuredmedia":[{"embeddable":true,"href":"https:\/\/promoalge.com.br\/index.php?rest_route=\/wp\/v2\/media\/770"}],"wp:attachment":[{"href":"https:\/\/promoalge.com.br\/index.php?rest_route=%2Fwp%2Fv2%2Fmedia&parent=767"}],"wp:term":[{"taxonomy":"product_brand","embeddable":true,"href":"https:\/\/promoalge.com.br\/index.php?rest_route=%2Fwp%2Fv2%2Fproduct_brand&post=767"},{"taxonomy":"product_cat","embeddable":true,"href":"https:\/\/promoalge.com.br\/index.php?rest_route=%2Fwp%2Fv2%2Fproduct_cat&post=767"},{"taxonomy":"product_tag","embeddable":true,"href":"https:\/\/promoalge.com.br\/index.php?rest_route=%2Fwp%2Fv2%2Fproduct_tag&post=767"}],"curies":[{"name":"wp","href":"https:\/\/api.w.org\/{rel}","templated":true}]}}