{"id":7673,"date":"2022-02-15T22:13:41","date_gmt":"2022-02-16T01:13:41","guid":{"rendered":"http:\/\/promoalge.com.br\/?post_type=product&#038;p=7673"},"modified":"2022-02-15T22:13:41","modified_gmt":"2022-02-16T01:13:41","slug":"garrafa-termica-em-inox-1-litro-pr2090","status":"publish","type":"product","link":"https:\/\/promoalge.com.br\/?product=garrafa-termica-em-inox-1-litro-pr2090","title":{"rendered":"Garrafa T\u00e9rmica em Inox 1 Litro &#8211; PR2090"},"content":{"rendered":"","protected":false},"excerpt":{"rendered":"<p>Garrafa t\u00e9rmica 1 litro em inox com al\u00e7a pl\u00e1stica preta. Possui tampa rosque\u00e1vel, tampa interna rosque\u00e1vel com bico pl\u00e1stico vermelho.<\/p>\n<p>Medidas:<br \/>\nAltura : 30 cm;<br \/>\nLargura : 10,9 cm;<br \/>\nCircunfer\u00eancia : 27,7 cm;<\/p>\n<p>Grava\u00e7\u00e3o a laser.<\/p>\n","protected":false},"featured_media":7674,"template":"","meta":[],"product_brand":[],"product_cat":[237],"product_tag":[],"class_list":{"0":"post-7673","1":"product","2":"type-product","3":"status-publish","4":"has-post-thumbnail","6":"product_cat-metalicas","8":"first","9":"instock","10":"shipping-taxable","11":"product-type-simple"},"_links":{"self":[{"href":"https:\/\/promoalge.com.br\/index.php?rest_route=\/wp\/v2\/product\/7673","targetHints":{"allow":["GET"]}}],"collection":[{"href":"https:\/\/promoalge.com.br\/index.php?rest_route=\/wp\/v2\/product"}],"about":[{"href":"https:\/\/promoalge.com.br\/index.php?rest_route=\/wp\/v2\/types\/product"}],"wp:featuredmedia":[{"embeddable":true,"href":"https:\/\/promoalge.com.br\/index.php?rest_route=\/wp\/v2\/media\/7674"}],"wp:attachment":[{"href":"https:\/\/promoalge.com.br\/index.php?rest_route=%2Fwp%2Fv2%2Fmedia&parent=7673"}],"wp:term":[{"taxonomy":"product_brand","embeddable":true,"href":"https:\/\/promoalge.com.br\/index.php?rest_route=%2Fwp%2Fv2%2Fproduct_brand&post=7673"},{"taxonomy":"product_cat","embeddable":true,"href":"https:\/\/promoalge.com.br\/index.php?rest_route=%2Fwp%2Fv2%2Fproduct_cat&post=7673"},{"taxonomy":"product_tag","embeddable":true,"href":"https:\/\/promoalge.com.br\/index.php?rest_route=%2Fwp%2Fv2%2Fproduct_tag&post=7673"}],"curies":[{"name":"wp","href":"https:\/\/api.w.org\/{rel}","templated":true}]}}