{"id":7785,"date":"2022-03-15T11:48:25","date_gmt":"2022-03-15T14:48:25","guid":{"rendered":"http:\/\/promoalge.com.br\/?post_type=product&#038;p=7785"},"modified":"2022-03-15T11:48:25","modified_gmt":"2022-03-15T14:48:25","slug":"guarda-chuva-pr99109","status":"publish","type":"product","link":"https:\/\/promoalge.com.br\/?product=guarda-chuva-pr99109","title":{"rendered":"Guarda Chuva &#8211; PR99109"},"content":{"rendered":"","protected":false},"excerpt":{"rendered":"<p>Guarda-chuva de golfe em poli\u00e9ster 190T, possui pega em madeira e abertura manual, di\u00e2metro \u00f81270 mm | 965 mm. Grava\u00e7\u00e3o serigrafia em 2 gomos.<\/p>\n<ul>\n<li>M\u00ednimo 50 unidades.<\/li>\n<\/ul>\n","protected":false},"featured_media":7786,"template":"","meta":[],"product_brand":[],"product_cat":[353,414],"product_tag":[],"class_list":{"0":"post-7785","1":"product","2":"type-product","3":"status-publish","4":"has-post-thumbnail","6":"product_cat-diversos","7":"product_cat-praia-verao","9":"first","10":"instock","11":"shipping-taxable","12":"product-type-simple"},"_links":{"self":[{"href":"https:\/\/promoalge.com.br\/index.php?rest_route=\/wp\/v2\/product\/7785","targetHints":{"allow":["GET"]}}],"collection":[{"href":"https:\/\/promoalge.com.br\/index.php?rest_route=\/wp\/v2\/product"}],"about":[{"href":"https:\/\/promoalge.com.br\/index.php?rest_route=\/wp\/v2\/types\/product"}],"wp:featuredmedia":[{"embeddable":true,"href":"https:\/\/promoalge.com.br\/index.php?rest_route=\/wp\/v2\/media\/7786"}],"wp:attachment":[{"href":"https:\/\/promoalge.com.br\/index.php?rest_route=%2Fwp%2Fv2%2Fmedia&parent=7785"}],"wp:term":[{"taxonomy":"product_brand","embeddable":true,"href":"https:\/\/promoalge.com.br\/index.php?rest_route=%2Fwp%2Fv2%2Fproduct_brand&post=7785"},{"taxonomy":"product_cat","embeddable":true,"href":"https:\/\/promoalge.com.br\/index.php?rest_route=%2Fwp%2Fv2%2Fproduct_cat&post=7785"},{"taxonomy":"product_tag","embeddable":true,"href":"https:\/\/promoalge.com.br\/index.php?rest_route=%2Fwp%2Fv2%2Fproduct_tag&post=7785"}],"curies":[{"name":"wp","href":"https:\/\/api.w.org\/{rel}","templated":true}]}}